{"id":746,"date":"2024-02-08T11:44:08","date_gmt":"2024-02-08T09:44:08","guid":{"rendered":"https:\/\/dobozshop.ro\/kiskosar\/?post_type=product&#038;p=746"},"modified":"2024-08-29T17:50:05","modified_gmt":"2024-08-29T14:50:05","slug":"fagyasztott-leves-zoldseg-600gr","status":"publish","type":"product","link":"https:\/\/dobozshop.ro\/kiskosar\/termek\/fagyasztott-leves-zoldseg-600gr\/","title":{"rendered":"Fagyasztott leves z\u00f6lds\u00e9g (600gr)"},"content":{"rendered":"<p>Karfiol, kelk\u00e1poszta, s\u00e1rgar\u00e9pa, s\u00e1rgabab, z\u00f6ldbors\u00f3<\/p>\n","protected":false},"excerpt":{"rendered":"<p>Bib\u00f3 farm (Cs\u00edkd\u00e1nfalva)<\/p>\n","protected":false},"featured_media":747,"template":"","meta":[],"product_cat":[85,17],"product_tag":[71,73,74],"class_list":{"0":"post-746","1":"product","2":"type-product","3":"status-publish","4":"has-post-thumbnail","6":"product_cat-feldolgozott-zoldseg","7":"product_cat-zoldseg","8":"product_tag-gyorsfagyasztott","9":"product_tag-leves","10":"product_tag-zoldseg","12":"first","13":"outofstock","14":"taxable","15":"shipping-taxable","16":"purchasable","17":"product-type-simple"},"jetpack_sharing_enabled":true,"_links":{"self":[{"href":"https:\/\/dobozshop.ro\/kiskosar\/wp-json\/wp\/v2\/product\/746","targetHints":{"allow":["GET"]}}],"collection":[{"href":"https:\/\/dobozshop.ro\/kiskosar\/wp-json\/wp\/v2\/product"}],"about":[{"href":"https:\/\/dobozshop.ro\/kiskosar\/wp-json\/wp\/v2\/types\/product"}],"wp:featuredmedia":[{"embeddable":true,"href":"https:\/\/dobozshop.ro\/kiskosar\/wp-json\/wp\/v2\/media\/747"}],"wp:attachment":[{"href":"https:\/\/dobozshop.ro\/kiskosar\/wp-json\/wp\/v2\/media?parent=746"}],"wp:term":[{"taxonomy":"product_cat","embeddable":true,"href":"https:\/\/dobozshop.ro\/kiskosar\/wp-json\/wp\/v2\/product_cat?post=746"},{"taxonomy":"product_tag","embeddable":true,"href":"https:\/\/dobozshop.ro\/kiskosar\/wp-json\/wp\/v2\/product_tag?post=746"}],"curies":[{"name":"wp","href":"https:\/\/api.w.org\/{rel}","templated":true}]}}