{"id":1736,"date":"2024-05-03T17:57:53","date_gmt":"2024-05-03T17:57:53","guid":{"rendered":"https:\/\/dobozshop.ro\/webshop\/product\/psyllium-utifumaghej-korpa\/"},"modified":"2025-05-28T08:55:47","modified_gmt":"2025-05-28T08:55:47","slug":"psyllium-utifumaghej-korpa","status":"publish","type":"product","link":"https:\/\/dobozshop.ro\/webshop\/hu\/produs\/psyllium-utifumaghej-korpa\/","title":{"rendered":"Psyllium korpa"},"content":{"rendered":"<p>Sz\u00e1rmaz\u00e1si hely: India<br \/>\n\u00d6sszetev\u0151k: psyllium<br \/>\nT\u00e1rol\u00e1si felt\u00e9telek: Sz\u00e1raz \u00e9s h\u0171v\u00f6s helyen, t\u00e1vol a napsugarak k\u00f6zvetlen hat\u00e1s\u00e1t\u00f3l.<br \/>\nAllerg\u00e9nek: Glut\u00e9nmentes term\u00e9k.<\/p>\n","protected":false},"excerpt":{"rendered":"<p>Sz\u00e1rmaz\u00e1si hely: India \u00d6sszetev\u0151k: psyllium T\u00e1rol\u00e1si felt\u00e9telek: Sz\u00e1raz \u00e9s h\u0171v\u00f6s helyen, t\u00e1vol a napsugarak k\u00f6zvetlen hat\u00e1s\u00e1t\u00f3l. Allerg\u00e9nek: Glut\u00e9nmentes term\u00e9k.<\/p>\n","protected":false},"featured_media":1786,"comment_status":"open","ping_status":"closed","template":"","meta":{"_uag_custom_page_level_css":"","site-sidebar-layout":"default","site-content-layout":"","ast-site-content-layout":"default","site-content-style":"default","site-sidebar-style":"default","ast-global-header-display":"","ast-banner-title-visibility":"","ast-main-header-display":"","ast-hfb-above-header-display":"","ast-hfb-below-header-display":"","ast-hfb-mobile-header-display":"","site-post-title":"","ast-breadcrumbs-content":"","ast-featured-img":"","footer-sml-layout":"","theme-transparent-header-meta":"default","adv-header-id-meta":"","stick-header-meta":"default","header-above-stick-meta":"","header-main-stick-meta":"","header-below-stick-meta":"","astra-migrate-meta-layouts":"default","ast-page-background-enabled":"default","ast-page-background-meta":{"desktop":{"background-color":"var(--ast-global-color-4)","background-image":"","background-repeat":"repeat","background-position":"center center","background-size":"auto","background-attachment":"scroll","background-type":"","background-media":"","overlay-type":"","overlay-color":"","overlay-opacity":"","overlay-gradient":""},"tablet":{"background-color":"","background-image":"","background-repeat":"repeat","background-position":"center center","background-size":"auto","background-attachment":"scroll","background-type":"","background-media":"","overlay-type":"","overlay-color":"","overlay-opacity":"","overlay-gradient":""},"mobile":{"background-color":"","background-image":"","background-repeat":"repeat","background-position":"center center","background-size":"auto","background-attachment":"scroll","background-type":"","background-media":"","overlay-type":"","overlay-color":"","overlay-opacity":"","overlay-gradient":""}},"ast-content-background-meta":{"desktop":{"background-color":"var(--ast-global-color-5)","background-image":"","background-repeat":"repeat","background-position":"center center","background-size":"auto","background-attachment":"scroll","background-type":"","background-media":"","overlay-type":"","overlay-color":"","overlay-opacity":"","overlay-gradient":""},"tablet":{"background-color":"var(--ast-global-color-5)","background-image":"","background-repeat":"repeat","background-position":"center center","background-size":"auto","background-attachment":"scroll","background-type":"","background-media":"","overlay-type":"","overlay-color":"","overlay-opacity":"","overlay-gradient":""},"mobile":{"background-color":"var(--ast-global-color-5)","background-image":"","background-repeat":"repeat","background-position":"center center","background-size":"auto","background-attachment":"scroll","background-type":"","background-media":"","overlay-type":"","overlay-color":"","overlay-opacity":"","overlay-gradient":""}}},"product_brand":[],"product_cat":[92,94],"product_tag":[],"class_list":{"0":"post-1736","1":"product","2":"type-product","3":"status-publish","4":"has-post-thumbnail","6":"product_cat-glutenmentes-termekek","7":"product_cat-glutenmentes-liszt-hu","8":"desktop-align-left","9":"tablet-align-left","10":"mobile-align-left","11":"ast-product-gallery-layout-horizontal-slider","12":"ast-product-gallery-with-no-image","13":"ast-product-single-variable","14":"ast-product-tabs-layout-horizontal","15":"ast-qv-on-image","17":"first","18":"instock","19":"taxable","20":"shipping-taxable","21":"purchasable","22":"product-type-variable","23":"has-default-attributes"},"uagb_featured_image_src":{"full":["https:\/\/dobozshop.ro\/webshop\/wp-content\/uploads\/2024\/05\/281_Tarate-psyllium-e1715338896124.jpeg",1078,1008,false],"thumbnail":["https:\/\/dobozshop.ro\/webshop\/wp-content\/uploads\/2024\/05\/281_Tarate-psyllium-e1715338896124-150x150.jpeg",150,150,true],"medium":["https:\/\/dobozshop.ro\/webshop\/wp-content\/uploads\/2024\/05\/281_Tarate-psyllium-e1715338896124-300x281.jpeg",300,281,true],"medium_large":["https:\/\/dobozshop.ro\/webshop\/wp-content\/uploads\/2024\/05\/281_Tarate-psyllium-e1715338896124-768x718.jpeg",768,718,true],"large":["https:\/\/dobozshop.ro\/webshop\/wp-content\/uploads\/2024\/05\/281_Tarate-psyllium-e1715338896124-1024x958.jpeg",1024,958,true],"1536x1536":["https:\/\/dobozshop.ro\/webshop\/wp-content\/uploads\/2024\/05\/281_Tarate-psyllium-1536x1152.jpeg",1536,1152,true],"2048x2048":["https:\/\/dobozshop.ro\/webshop\/wp-content\/uploads\/2024\/05\/281_Tarate-psyllium-e1715338896124.jpeg",1078,1008,false],"woocommerce_thumbnail":["https:\/\/dobozshop.ro\/webshop\/wp-content\/uploads\/2024\/05\/281_Tarate-psyllium-e1715338896124-300x300.jpeg",300,300,true],"woocommerce_single":["https:\/\/dobozshop.ro\/webshop\/wp-content\/uploads\/2024\/05\/281_Tarate-psyllium-e1715338896124-600x561.jpeg",600,561,true],"woocommerce_gallery_thumbnail":["https:\/\/dobozshop.ro\/webshop\/wp-content\/uploads\/2024\/05\/281_Tarate-psyllium-e1715338896124-100x100.jpeg",100,100,true]},"uagb_author_info":{"display_name":"admin","author_link":"https:\/\/dobozshop.ro\/webshop\/hu\/author\/"},"uagb_comment_info":0,"uagb_excerpt":"Sz\u00e1rmaz\u00e1si hely: India \u00d6sszetev\u0151k: psyllium T\u00e1rol\u00e1si felt\u00e9telek: Sz\u00e1raz \u00e9s h\u0171v\u00f6s helyen, t\u00e1vol a napsugarak k\u00f6zvetlen hat\u00e1s\u00e1t\u00f3l. Allerg\u00e9nek: Glut\u00e9nmentes term\u00e9k.","jetpack_sharing_enabled":true,"_links":{"self":[{"href":"https:\/\/dobozshop.ro\/webshop\/hu\/wp-json\/wp\/v2\/product\/1736","targetHints":{"allow":["GET"]}}],"collection":[{"href":"https:\/\/dobozshop.ro\/webshop\/hu\/wp-json\/wp\/v2\/product"}],"about":[{"href":"https:\/\/dobozshop.ro\/webshop\/hu\/wp-json\/wp\/v2\/types\/product"}],"replies":[{"embeddable":true,"href":"https:\/\/dobozshop.ro\/webshop\/hu\/wp-json\/wp\/v2\/comments?post=1736"}],"wp:featuredmedia":[{"embeddable":true,"href":"https:\/\/dobozshop.ro\/webshop\/hu\/wp-json\/wp\/v2\/media\/1786"}],"wp:attachment":[{"href":"https:\/\/dobozshop.ro\/webshop\/hu\/wp-json\/wp\/v2\/media?parent=1736"}],"wp:term":[{"taxonomy":"product_brand","embeddable":true,"href":"https:\/\/dobozshop.ro\/webshop\/hu\/wp-json\/wp\/v2\/product_brand?post=1736"},{"taxonomy":"product_cat","embeddable":true,"href":"https:\/\/dobozshop.ro\/webshop\/hu\/wp-json\/wp\/v2\/product_cat?post=1736"},{"taxonomy":"product_tag","embeddable":true,"href":"https:\/\/dobozshop.ro\/webshop\/hu\/wp-json\/wp\/v2\/product_tag?post=1736"}],"curies":[{"name":"wp","href":"https:\/\/api.w.org\/{rel}","templated":true}]}}