{"id":1868,"date":"2024-05-02T20:48:15","date_gmt":"2024-05-02T20:48:15","guid":{"rendered":"https:\/\/dobozshop.ro\/webshop\/product\/mandula-pehely\/"},"modified":"2026-04-09T10:18:03","modified_gmt":"2026-04-09T10:18:03","slug":"mandula-pehely","status":"publish","type":"product","link":"https:\/\/dobozshop.ro\/webshop\/hu\/produs\/mandula-pehely\/","title":{"rendered":"Mandula pehely"},"content":{"rendered":"<p>Sz\u00e1rmaz\u00e1si hely: USA<br \/>\n\u00d6sszetev\u0151k: mandula<br \/>\nT\u00e1rol\u00e1si felt\u00e9telek: Sz\u00e1raz \u00e9s h\u0171v\u00f6s helyen, k\u00f6zvetlen napf\u00e9nyt\u0151l v\u00e9dve t\u00e1rolja.<br \/>\nAllerg\u00e9nek: A term\u00e9ket olyan egys\u00e9gbe csomagolj\u00e1k, ahol sz\u00f3ja, zeller, must\u00e1r, szez\u00e1mmag, magvak, glut\u00e9ntartalm\u00fa gabonaf\u00e9l\u00e9k, f\u00f6ldimogyor\u00f3, di\u00f3f\u00e9l\u00e9k ker\u00fclnek feldolgoz\u00e1sra.<\/p>\n","protected":false},"excerpt":{"rendered":"<p>Sz\u00e1rmaz\u00e1si hely: USA \u00d6sszetev\u0151k: mandula T\u00e1rol\u00e1si felt\u00e9telek: Sz\u00e1raz \u00e9s h\u0171v\u00f6s helyen, k\u00f6zvetlen napf\u00e9nyt\u0151l v\u00e9dve t\u00e1rolja. Allerg\u00e9nek: A term\u00e9ket olyan egys\u00e9gbe [&hellip;]<\/p>\n","protected":false},"featured_media":1197,"comment_status":"open","ping_status":"closed","template":"","meta":{"_uag_custom_page_level_css":"","site-sidebar-layout":"default","site-content-layout":"","ast-site-content-layout":"default","site-content-style":"default","site-sidebar-style":"default","ast-global-header-display":"","ast-banner-title-visibility":"","ast-main-header-display":"","ast-hfb-above-header-display":"","ast-hfb-below-header-display":"","ast-hfb-mobile-header-display":"","site-post-title":"","ast-breadcrumbs-content":"","ast-featured-img":"","footer-sml-layout":"","theme-transparent-header-meta":"default","adv-header-id-meta":"","stick-header-meta":"default","header-above-stick-meta":"","header-main-stick-meta":"","header-below-stick-meta":"","astra-migrate-meta-layouts":"default","ast-page-background-enabled":"default","ast-page-background-meta":{"desktop":{"background-color":"var(--ast-global-color-4)","background-image":"","background-repeat":"repeat","background-position":"center center","background-size":"auto","background-attachment":"scroll","background-type":"","background-media":"","overlay-type":"","overlay-color":"","overlay-opacity":"","overlay-gradient":""},"tablet":{"background-color":"","background-image":"","background-repeat":"repeat","background-position":"center center","background-size":"auto","background-attachment":"scroll","background-type":"","background-media":"","overlay-type":"","overlay-color":"","overlay-opacity":"","overlay-gradient":""},"mobile":{"background-color":"","background-image":"","background-repeat":"repeat","background-position":"center center","background-size":"auto","background-attachment":"scroll","background-type":"","background-media":"","overlay-type":"","overlay-color":"","overlay-opacity":"","overlay-gradient":""}},"ast-content-background-meta":{"desktop":{"background-color":"var(--ast-global-color-5)","background-image":"","background-repeat":"repeat","background-position":"center center","background-size":"auto","background-attachment":"scroll","background-type":"","background-media":"","overlay-type":"","overlay-color":"","overlay-opacity":"","overlay-gradient":""},"tablet":{"background-color":"var(--ast-global-color-5)","background-image":"","background-repeat":"repeat","background-position":"center center","background-size":"auto","background-attachment":"scroll","background-type":"","background-media":"","overlay-type":"","overlay-color":"","overlay-opacity":"","overlay-gradient":""},"mobile":{"background-color":"var(--ast-global-color-5)","background-image":"","background-repeat":"repeat","background-position":"center center","background-size":"auto","background-attachment":"scroll","background-type":"","background-media":"","overlay-type":"","overlay-color":"","overlay-opacity":"","overlay-gradient":""}}},"product_brand":[],"product_cat":[27,30],"product_tag":[],"class_list":{"0":"post-1868","1":"product","2":"type-product","3":"status-publish","4":"has-post-thumbnail","6":"product_cat-magvak-es-dio","7":"product_cat-nyers-magvak","8":"desktop-align-left","9":"tablet-align-left","10":"mobile-align-left","11":"ast-product-gallery-layout-horizontal-slider","12":"ast-product-gallery-with-no-image","13":"ast-product-single-variable","14":"ast-product-tabs-layout-horizontal","15":"ast-qv-on-image","17":"first","18":"instock","19":"taxable","20":"shipping-taxable","21":"purchasable","22":"product-type-variable","23":"has-default-attributes"},"uagb_featured_image_src":{"full":["https:\/\/dobozshop.ro\/webshop\/wp-content\/uploads\/2024\/05\/73_Migdale-fulgi-e1714682861166.jpeg",663,706,false],"thumbnail":["https:\/\/dobozshop.ro\/webshop\/wp-content\/uploads\/2024\/05\/73_Migdale-fulgi-150x150.jpeg",150,150,true],"medium":["https:\/\/dobozshop.ro\/webshop\/wp-content\/uploads\/2024\/05\/73_Migdale-fulgi-225x300.jpeg",225,300,true],"medium_large":["https:\/\/dobozshop.ro\/webshop\/wp-content\/uploads\/2024\/05\/73_Migdale-fulgi-e1714682861166.jpeg",663,706,false],"large":["https:\/\/dobozshop.ro\/webshop\/wp-content\/uploads\/2024\/05\/73_Migdale-fulgi-e1714682861166.jpeg",663,706,false],"1536x1536":["https:\/\/dobozshop.ro\/webshop\/wp-content\/uploads\/2024\/05\/73_Migdale-fulgi-e1714682861166.jpeg",663,706,false],"2048x2048":["https:\/\/dobozshop.ro\/webshop\/wp-content\/uploads\/2024\/05\/73_Migdale-fulgi-e1714682861166.jpeg",663,706,false],"woocommerce_thumbnail":["https:\/\/dobozshop.ro\/webshop\/wp-content\/uploads\/2024\/05\/73_Migdale-fulgi-e1714682861166-300x300.jpeg",300,300,true],"woocommerce_single":["https:\/\/dobozshop.ro\/webshop\/wp-content\/uploads\/2024\/05\/73_Migdale-fulgi-e1714682861166-600x639.jpeg",600,639,true],"woocommerce_gallery_thumbnail":["https:\/\/dobozshop.ro\/webshop\/wp-content\/uploads\/2024\/05\/73_Migdale-fulgi-e1714682861166-100x100.jpeg",100,100,true]},"uagb_author_info":{"display_name":"admin","author_link":"https:\/\/dobozshop.ro\/webshop\/hu\/author\/"},"uagb_comment_info":0,"uagb_excerpt":"Sz\u00e1rmaz\u00e1si hely: USA \u00d6sszetev\u0151k: mandula T\u00e1rol\u00e1si felt\u00e9telek: Sz\u00e1raz \u00e9s h\u0171v\u00f6s helyen, k\u00f6zvetlen napf\u00e9nyt\u0151l v\u00e9dve t\u00e1rolja. Allerg\u00e9nek: A term\u00e9ket olyan egys\u00e9gbe [&hellip;]","jetpack_sharing_enabled":true,"_links":{"self":[{"href":"https:\/\/dobozshop.ro\/webshop\/hu\/wp-json\/wp\/v2\/product\/1868","targetHints":{"allow":["GET"]}}],"collection":[{"href":"https:\/\/dobozshop.ro\/webshop\/hu\/wp-json\/wp\/v2\/product"}],"about":[{"href":"https:\/\/dobozshop.ro\/webshop\/hu\/wp-json\/wp\/v2\/types\/product"}],"replies":[{"embeddable":true,"href":"https:\/\/dobozshop.ro\/webshop\/hu\/wp-json\/wp\/v2\/comments?post=1868"}],"wp:featuredmedia":[{"embeddable":true,"href":"https:\/\/dobozshop.ro\/webshop\/hu\/wp-json\/wp\/v2\/media\/1197"}],"wp:attachment":[{"href":"https:\/\/dobozshop.ro\/webshop\/hu\/wp-json\/wp\/v2\/media?parent=1868"}],"wp:term":[{"taxonomy":"product_brand","embeddable":true,"href":"https:\/\/dobozshop.ro\/webshop\/hu\/wp-json\/wp\/v2\/product_brand?post=1868"},{"taxonomy":"product_cat","embeddable":true,"href":"https:\/\/dobozshop.ro\/webshop\/hu\/wp-json\/wp\/v2\/product_cat?post=1868"},{"taxonomy":"product_tag","embeddable":true,"href":"https:\/\/dobozshop.ro\/webshop\/hu\/wp-json\/wp\/v2\/product_tag?post=1868"}],"curies":[{"name":"wp","href":"https:\/\/api.w.org\/{rel}","templated":true}]}}