{"id":2684,"date":"2024-04-18T14:35:54","date_gmt":"2024-04-18T14:35:54","guid":{"rendered":"https:\/\/dobozshop.ro\/webshop\/produs\/orso-teszta\/"},"modified":"2024-05-30T11:42:43","modified_gmt":"2024-05-30T11:42:43","slug":"orso-teszta","status":"publish","type":"product","link":"https:\/\/dobozshop.ro\/webshop\/hu\/produs\/orso-teszta\/","title":{"rendered":"Ors\u00f3 t\u00e9szta"},"content":{"rendered":"<p>Sz\u00e1rmaz\u00e1si hely: Rom\u00e1nia<br \/>\n\u00d6sszetev\u0151k: TL50 b\u00fazaliszt, toj\u00e1spor, v\u00edz<br \/>\nT\u00e1rol\u00e1si felt\u00e9telek: Sz\u00e1raz \u00e9s h\u0171v\u00f6s helyen, k\u00f6zvetlen napf\u00e9nyt\u0151l v\u00e9dve t\u00e1rolja.<br \/>\nAllerg\u00e9nek: A term\u00e9ket olyan egys\u00e9gbe csomagolj\u00e1k, ahol sz\u00f3ja, zeller, must\u00e1r, szez\u00e1mmag, magvak, glut\u00e9ntartalm\u00fa gabonaf\u00e9l\u00e9k, f\u00f6ldimogyor\u00f3, di\u00f3f\u00e9l\u00e9k ker\u00fclnek feldolgoz\u00e1sra.<\/p>\n","protected":false},"excerpt":{"rendered":"<p>Sz\u00e1rmaz\u00e1si hely: Rom\u00e1nia \u00d6sszetev\u0151k: TL50 b\u00fazaliszt, toj\u00e1spor, v\u00edz T\u00e1rol\u00e1si felt\u00e9telek: Sz\u00e1raz \u00e9s h\u0171v\u00f6s helyen, k\u00f6zvetlen napf\u00e9nyt\u0151l v\u00e9dve t\u00e1rolja. Allerg\u00e9nek: A [&hellip;]<\/p>\n","protected":false},"featured_media":400,"comment_status":"open","ping_status":"closed","template":"","meta":{"_uag_custom_page_level_css":"","site-sidebar-layout":"default","site-content-layout":"","ast-site-content-layout":"default","site-content-style":"default","site-sidebar-style":"default","ast-global-header-display":"","ast-banner-title-visibility":"","ast-main-header-display":"","ast-hfb-above-header-display":"","ast-hfb-below-header-display":"","ast-hfb-mobile-header-display":"","site-post-title":"","ast-breadcrumbs-content":"","ast-featured-img":"","footer-sml-layout":"","theme-transparent-header-meta":"default","adv-header-id-meta":"","stick-header-meta":"default","header-above-stick-meta":"","header-main-stick-meta":"","header-below-stick-meta":"","astra-migrate-meta-layouts":"default","ast-page-background-enabled":"default","ast-page-background-meta":{"desktop":{"background-color":"var(--ast-global-color-4)","background-image":"","background-repeat":"repeat","background-position":"center center","background-size":"auto","background-attachment":"scroll","background-type":"","background-media":"","overlay-type":"","overlay-color":"","overlay-opacity":"","overlay-gradient":""},"tablet":{"background-color":"","background-image":"","background-repeat":"repeat","background-position":"center center","background-size":"auto","background-attachment":"scroll","background-type":"","background-media":"","overlay-type":"","overlay-color":"","overlay-opacity":"","overlay-gradient":""},"mobile":{"background-color":"","background-image":"","background-repeat":"repeat","background-position":"center center","background-size":"auto","background-attachment":"scroll","background-type":"","background-media":"","overlay-type":"","overlay-color":"","overlay-opacity":"","overlay-gradient":""}},"ast-content-background-meta":{"desktop":{"background-color":"var(--ast-global-color-5)","background-image":"","background-repeat":"repeat","background-position":"center center","background-size":"auto","background-attachment":"scroll","background-type":"","background-media":"","overlay-type":"","overlay-color":"","overlay-opacity":"","overlay-gradient":""},"tablet":{"background-color":"var(--ast-global-color-5)","background-image":"","background-repeat":"repeat","background-position":"center center","background-size":"auto","background-attachment":"scroll","background-type":"","background-media":"","overlay-type":"","overlay-color":"","overlay-opacity":"","overlay-gradient":""},"mobile":{"background-color":"var(--ast-global-color-5)","background-image":"","background-repeat":"repeat","background-position":"center center","background-size":"auto","background-attachment":"scroll","background-type":"","background-media":"","overlay-type":"","overlay-color":"","overlay-opacity":"","overlay-gradient":""}}},"product_brand":[],"product_cat":[60,64],"product_tag":[],"class_list":{"0":"post-2684","1":"product","2":"type-product","3":"status-publish","4":"has-post-thumbnail","6":"product_cat-buzafelek-magvak-es-huvelyesek","7":"product_cat-tesztafelek","8":"desktop-align-left","9":"tablet-align-left","10":"mobile-align-left","11":"ast-product-gallery-layout-horizontal-slider","12":"ast-product-gallery-with-no-image","13":"ast-product-single-variable","14":"ast-product-tabs-layout-horizontal","15":"ast-qv-on-image","17":"first","18":"instock","19":"taxable","20":"shipping-taxable","21":"purchasable","22":"product-type-variable","23":"has-default-attributes"},"uagb_featured_image_src":{"full":["https:\/\/dobozshop.ro\/webshop\/wp-content\/uploads\/2024\/04\/122_Paste-fusilli-e1714749533946.jpeg",894,819,false],"thumbnail":["https:\/\/dobozshop.ro\/webshop\/wp-content\/uploads\/2024\/04\/122_Paste-fusilli-150x150.jpeg",150,150,true],"medium":["https:\/\/dobozshop.ro\/webshop\/wp-content\/uploads\/2024\/04\/122_Paste-fusilli-300x225.jpeg",300,225,true],"medium_large":["https:\/\/dobozshop.ro\/webshop\/wp-content\/uploads\/2024\/04\/122_Paste-fusilli-768x576.jpeg",768,576,true],"large":["https:\/\/dobozshop.ro\/webshop\/wp-content\/uploads\/2024\/04\/122_Paste-fusilli-1024x768.jpeg",1024,768,true],"1536x1536":["https:\/\/dobozshop.ro\/webshop\/wp-content\/uploads\/2024\/04\/122_Paste-fusilli-1536x1152.jpeg",1536,1152,true],"2048x2048":["https:\/\/dobozshop.ro\/webshop\/wp-content\/uploads\/2024\/04\/122_Paste-fusilli-e1714749533946.jpeg",894,819,false],"woocommerce_thumbnail":["https:\/\/dobozshop.ro\/webshop\/wp-content\/uploads\/2024\/04\/122_Paste-fusilli-e1714749533946-300x300.jpeg",300,300,true],"woocommerce_single":["https:\/\/dobozshop.ro\/webshop\/wp-content\/uploads\/2024\/04\/122_Paste-fusilli-e1714749533946-600x550.jpeg",600,550,true],"woocommerce_gallery_thumbnail":["https:\/\/dobozshop.ro\/webshop\/wp-content\/uploads\/2024\/04\/122_Paste-fusilli-e1714749533946-100x100.jpeg",100,100,true]},"uagb_author_info":{"display_name":"admin","author_link":"https:\/\/dobozshop.ro\/webshop\/hu\/author\/"},"uagb_comment_info":0,"uagb_excerpt":"Sz\u00e1rmaz\u00e1si hely: Rom\u00e1nia \u00d6sszetev\u0151k: TL50 b\u00fazaliszt, toj\u00e1spor, v\u00edz T\u00e1rol\u00e1si felt\u00e9telek: Sz\u00e1raz \u00e9s h\u0171v\u00f6s helyen, k\u00f6zvetlen napf\u00e9nyt\u0151l v\u00e9dve t\u00e1rolja. Allerg\u00e9nek: A [&hellip;]","jetpack_sharing_enabled":true,"_links":{"self":[{"href":"https:\/\/dobozshop.ro\/webshop\/hu\/wp-json\/wp\/v2\/product\/2684","targetHints":{"allow":["GET"]}}],"collection":[{"href":"https:\/\/dobozshop.ro\/webshop\/hu\/wp-json\/wp\/v2\/product"}],"about":[{"href":"https:\/\/dobozshop.ro\/webshop\/hu\/wp-json\/wp\/v2\/types\/product"}],"replies":[{"embeddable":true,"href":"https:\/\/dobozshop.ro\/webshop\/hu\/wp-json\/wp\/v2\/comments?post=2684"}],"wp:featuredmedia":[{"embeddable":true,"href":"https:\/\/dobozshop.ro\/webshop\/hu\/wp-json\/wp\/v2\/media\/400"}],"wp:attachment":[{"href":"https:\/\/dobozshop.ro\/webshop\/hu\/wp-json\/wp\/v2\/media?parent=2684"}],"wp:term":[{"taxonomy":"product_brand","embeddable":true,"href":"https:\/\/dobozshop.ro\/webshop\/hu\/wp-json\/wp\/v2\/product_brand?post=2684"},{"taxonomy":"product_cat","embeddable":true,"href":"https:\/\/dobozshop.ro\/webshop\/hu\/wp-json\/wp\/v2\/product_cat?post=2684"},{"taxonomy":"product_tag","embeddable":true,"href":"https:\/\/dobozshop.ro\/webshop\/hu\/wp-json\/wp\/v2\/product_tag?post=2684"}],"curies":[{"name":"wp","href":"https:\/\/api.w.org\/{rel}","templated":true}]}}