{"id":3339,"date":"2024-06-03T07:34:46","date_gmt":"2024-06-03T07:34:46","guid":{"rendered":"https:\/\/dobozshop.ro\/webshop\/produs\/alacsony-szenhidrattartalmu-glutenmentes-kenyer-lisztkeverek\/"},"modified":"2025-03-03T19:06:12","modified_gmt":"2025-03-03T19:06:12","slug":"alacsony-szenhidrattartalmu-glutenmentes-kenyer-lisztkeverek","status":"publish","type":"product","link":"https:\/\/dobozshop.ro\/webshop\/hu\/produs\/alacsony-szenhidrattartalmu-glutenmentes-kenyer-lisztkeverek\/","title":{"rendered":"Alacsony sz\u00e9nhidr\u00e1ttartalm\u00fa glut\u00e9nmentes keny\u00e9r lisztkever\u00e9k"},"content":{"rendered":"<p>Sz\u00e1rmaz\u00e1si hely: Magyarorsz\u00e1g<br \/>\n\u00d6sszetev\u0151k: glut\u00e9nmentes lisztkever\u00e9k (k\u00f6lesliszt, quinoa liszt), rostkever\u00e9k (\u00fatif\u0171magh\u00e9jliszt, bambuszrostliszt), t\u00e1pi\u00f3kakem\u00e9ny\u00edt\u0151, t\u00e9rfogatn\u00f6vel\u0151 szer (sz\u00f3dabikarb\u00f3na), savany\u00fas\u00e1got szab\u00e1lyoz\u00f3 anyag (citromsav)<\/p>\n<p>T\u00e1rol\u00e1si felt\u00e9telek: Sz\u00e1raz \u00e9s h\u0171v\u00f6s helyen, k\u00f6zvetlen napf\u00e9nyt\u0151l v\u00e9dve t\u00e1rolja.<br \/>\n<span data-sheets-root=\"1\" data-sheets-value=\"{\"1\":2,\"2\":\"Produsul este ambalat intr-o unitate unde se proceseaza soia, telina, mustar, susan, semin\u0163e, cereale continand gluten, alune, nuci. \"}\" data-sheets-userformat=\"{\"2\":515,\"3\":{\"1\":0},\"4\":{\"1\":3,\"3\":5},\"12\":0}\">Allerg\u00e9nek: Glut\u00e9nmentes term\u00e9k. <\/span> <\/p>\n","protected":false},"excerpt":{"rendered":"<p>Sz\u00e1rmaz\u00e1si hely: Magyarorsz\u00e1g \u00d6sszetev\u0151k: glut\u00e9nmentes lisztkever\u00e9k (k\u00f6lesliszt, quinoa liszt), rostkever\u00e9k (\u00fatif\u0171magh\u00e9jliszt, bambuszrostliszt), t\u00e1pi\u00f3kakem\u00e9ny\u00edt\u0151, t\u00e9rfogatn\u00f6vel\u0151 szer (sz\u00f3dabikarb\u00f3na), savany\u00fas\u00e1got szab\u00e1lyoz\u00f3 anyag (citromsav) [&hellip;]<\/p>\n","protected":false},"featured_media":3271,"comment_status":"open","ping_status":"closed","template":"","meta":{"_uag_custom_page_level_css":"","site-sidebar-layout":"default","site-content-layout":"","ast-site-content-layout":"default","site-content-style":"default","site-sidebar-style":"default","ast-global-header-display":"","ast-banner-title-visibility":"","ast-main-header-display":"","ast-hfb-above-header-display":"","ast-hfb-below-header-display":"","ast-hfb-mobile-header-display":"","site-post-title":"","ast-breadcrumbs-content":"","ast-featured-img":"","footer-sml-layout":"","theme-transparent-header-meta":"default","adv-header-id-meta":"","stick-header-meta":"default","header-above-stick-meta":"","header-main-stick-meta":"","header-below-stick-meta":"","astra-migrate-meta-layouts":"default","ast-page-background-enabled":"default","ast-page-background-meta":{"desktop":{"background-color":"var(--ast-global-color-4)","background-image":"","background-repeat":"repeat","background-position":"center center","background-size":"auto","background-attachment":"scroll","background-type":"","background-media":"","overlay-type":"","overlay-color":"","overlay-opacity":"","overlay-gradient":""},"tablet":{"background-color":"","background-image":"","background-repeat":"repeat","background-position":"center center","background-size":"auto","background-attachment":"scroll","background-type":"","background-media":"","overlay-type":"","overlay-color":"","overlay-opacity":"","overlay-gradient":""},"mobile":{"background-color":"","background-image":"","background-repeat":"repeat","background-position":"center center","background-size":"auto","background-attachment":"scroll","background-type":"","background-media":"","overlay-type":"","overlay-color":"","overlay-opacity":"","overlay-gradient":""}},"ast-content-background-meta":{"desktop":{"background-color":"var(--ast-global-color-5)","background-image":"","background-repeat":"repeat","background-position":"center center","background-size":"auto","background-attachment":"scroll","background-type":"","background-media":"","overlay-type":"","overlay-color":"","overlay-opacity":"","overlay-gradient":""},"tablet":{"background-color":"var(--ast-global-color-5)","background-image":"","background-repeat":"repeat","background-position":"center center","background-size":"auto","background-attachment":"scroll","background-type":"","background-media":"","overlay-type":"","overlay-color":"","overlay-opacity":"","overlay-gradient":""},"mobile":{"background-color":"var(--ast-global-color-5)","background-image":"","background-repeat":"repeat","background-position":"center center","background-size":"auto","background-attachment":"scroll","background-type":"","background-media":"","overlay-type":"","overlay-color":"","overlay-opacity":"","overlay-gradient":""}}},"product_brand":[],"product_cat":[92,94],"product_tag":[],"class_list":{"0":"post-3339","1":"product","2":"type-product","3":"status-publish","4":"has-post-thumbnail","6":"product_cat-glutenmentes-termekek","7":"product_cat-glutenmentes-liszt-hu","8":"desktop-align-left","9":"tablet-align-left","10":"mobile-align-left","11":"ast-product-gallery-layout-horizontal-slider","12":"ast-product-gallery-with-no-image","13":"ast-product-single-variable","14":"ast-product-tabs-layout-horizontal","15":"ast-qv-on-image","17":"first","18":"instock","19":"taxable","20":"shipping-taxable","21":"purchasable","22":"product-type-variable","23":"has-default-attributes"},"uagb_featured_image_src":{"full":["https:\/\/dobozshop.ro\/webshop\/wp-content\/uploads\/2024\/06\/340_Faina-mix-de-paine-fara-gluten-cu-carbo-redus-e1717400064927.jpeg",978,1021,false],"thumbnail":["https:\/\/dobozshop.ro\/webshop\/wp-content\/uploads\/2024\/06\/340_Faina-mix-de-paine-fara-gluten-cu-carbo-redus-150x150.jpeg",150,150,true],"medium":["https:\/\/dobozshop.ro\/webshop\/wp-content\/uploads\/2024\/06\/340_Faina-mix-de-paine-fara-gluten-cu-carbo-redus-225x300.jpeg",225,300,true],"medium_large":["https:\/\/dobozshop.ro\/webshop\/wp-content\/uploads\/2024\/06\/340_Faina-mix-de-paine-fara-gluten-cu-carbo-redus-768x1024.jpeg",768,1024,true],"large":["https:\/\/dobozshop.ro\/webshop\/wp-content\/uploads\/2024\/06\/340_Faina-mix-de-paine-fara-gluten-cu-carbo-redus-768x1024.jpeg",768,1024,true],"1536x1536":["https:\/\/dobozshop.ro\/webshop\/wp-content\/uploads\/2024\/06\/340_Faina-mix-de-paine-fara-gluten-cu-carbo-redus-1152x1536.jpeg",1152,1536,true],"2048x2048":["https:\/\/dobozshop.ro\/webshop\/wp-content\/uploads\/2024\/06\/340_Faina-mix-de-paine-fara-gluten-cu-carbo-redus-e1717400064927.jpeg",978,1021,false],"woocommerce_thumbnail":["https:\/\/dobozshop.ro\/webshop\/wp-content\/uploads\/2024\/06\/340_Faina-mix-de-paine-fara-gluten-cu-carbo-redus-e1717400064927-300x300.jpeg",300,300,true],"woocommerce_single":["https:\/\/dobozshop.ro\/webshop\/wp-content\/uploads\/2024\/06\/340_Faina-mix-de-paine-fara-gluten-cu-carbo-redus-e1717400064927-600x626.jpeg",600,626,true],"woocommerce_gallery_thumbnail":["https:\/\/dobozshop.ro\/webshop\/wp-content\/uploads\/2024\/06\/340_Faina-mix-de-paine-fara-gluten-cu-carbo-redus-e1717400064927-100x100.jpeg",100,100,true]},"uagb_author_info":{"display_name":"admin","author_link":"https:\/\/dobozshop.ro\/webshop\/hu\/author\/"},"uagb_comment_info":0,"uagb_excerpt":"Sz\u00e1rmaz\u00e1si hely: Magyarorsz\u00e1g \u00d6sszetev\u0151k: glut\u00e9nmentes lisztkever\u00e9k (k\u00f6lesliszt, quinoa liszt), rostkever\u00e9k (\u00fatif\u0171magh\u00e9jliszt, bambuszrostliszt), t\u00e1pi\u00f3kakem\u00e9ny\u00edt\u0151, t\u00e9rfogatn\u00f6vel\u0151 szer (sz\u00f3dabikarb\u00f3na), savany\u00fas\u00e1got szab\u00e1lyoz\u00f3 anyag (citromsav) [&hellip;]","jetpack_sharing_enabled":true,"_links":{"self":[{"href":"https:\/\/dobozshop.ro\/webshop\/hu\/wp-json\/wp\/v2\/product\/3339","targetHints":{"allow":["GET"]}}],"collection":[{"href":"https:\/\/dobozshop.ro\/webshop\/hu\/wp-json\/wp\/v2\/product"}],"about":[{"href":"https:\/\/dobozshop.ro\/webshop\/hu\/wp-json\/wp\/v2\/types\/product"}],"replies":[{"embeddable":true,"href":"https:\/\/dobozshop.ro\/webshop\/hu\/wp-json\/wp\/v2\/comments?post=3339"}],"wp:featuredmedia":[{"embeddable":true,"href":"https:\/\/dobozshop.ro\/webshop\/hu\/wp-json\/wp\/v2\/media\/3271"}],"wp:attachment":[{"href":"https:\/\/dobozshop.ro\/webshop\/hu\/wp-json\/wp\/v2\/media?parent=3339"}],"wp:term":[{"taxonomy":"product_brand","embeddable":true,"href":"https:\/\/dobozshop.ro\/webshop\/hu\/wp-json\/wp\/v2\/product_brand?post=3339"},{"taxonomy":"product_cat","embeddable":true,"href":"https:\/\/dobozshop.ro\/webshop\/hu\/wp-json\/wp\/v2\/product_cat?post=3339"},{"taxonomy":"product_tag","embeddable":true,"href":"https:\/\/dobozshop.ro\/webshop\/hu\/wp-json\/wp\/v2\/product_tag?post=3339"}],"curies":[{"name":"wp","href":"https:\/\/api.w.org\/{rel}","templated":true}]}}