{"id":7342,"date":"2024-06-10T10:48:53","date_gmt":"2024-06-10T10:48:53","guid":{"rendered":"https:\/\/dobozshop.ro\/webshop\/produs\/mogyorovaj-360-gr\/"},"modified":"2025-05-28T08:55:47","modified_gmt":"2025-05-28T08:55:47","slug":"mogyorovaj-360-gr","status":"publish","type":"product","link":"https:\/\/dobozshop.ro\/webshop\/hu\/produs\/mogyorovaj-360-gr\/","title":{"rendered":"Mogyor\u00f3vaj 360 gr"},"content":{"rendered":"<p><span data-sheets-root=\"1\" data-sheets-value=\"{\"1\":2,\"2\":\"Polonia\"}\" data-sheets-userformat=\"{\"2\":513,\"3\":{\"1\":0},\"12\":0}\">Sz\u00e1rmaz\u00e1si hely: Argent\u00edna <\/span><br \/>\n\u00f6sszetev\u0151k: <span data-sheets-root=\"1\" data-sheets-value=\"{\"1\":2,\"2\":\"arahide din agricultura ecologica\"}\" data-sheets-userformat=\"{\"2\":513,\"3\":{\"1\":0},\"12\":0}\">100% f\u00f6ldimogyor\u00f3<\/span><br \/>\nT\u00e1rol\u00e1si felt\u00e9telek: Sz\u00e1raz \u00e9s h\u0171v\u00f6s helyen, k\u00f6zvetlen napf\u00e9nyt\u0151l v\u00e9dve t\u00e1rolja.<br \/>\nAllerg\u00e9nek: <span data-sheets-root=\"1\" data-sheets-value=\"{\"1\":2,\"2\":\"Produsul este ambalat intr-o unitate unde se proceseaza soia, telina, mustar, susan, semin\u0163e, cereale continand gluten, alune, nuci. \"}\" data-sheets-userformat=\"{\"2\":513,\"3\":{\"1\":0},\"12\":0}\">A term\u00e9ket olyan egys\u00e9gbe csomagolj\u00e1k, ahol sz\u00f3ja, zeller, must\u00e1r, szez\u00e1mmag, magvak, glut\u00e9ntartalm\u00fa gabonaf\u00e9l\u00e9k, f\u00f6ldimogyor\u00f3, di\u00f3f\u00e9l\u00e9k ker\u00fclnek feldolgoz\u00e1sra. <\/span> <\/p>\n<p>S\u00faly: 360 gr<\/p>\n","protected":false},"excerpt":{"rendered":"<p>Sz\u00e1rmaz\u00e1si hely: Argent\u00edna \u00f6sszetev\u0151k: 100% f\u00f6ldimogyor\u00f3 T\u00e1rol\u00e1si felt\u00e9telek: Sz\u00e1raz \u00e9s h\u0171v\u00f6s helyen, k\u00f6zvetlen napf\u00e9nyt\u0151l v\u00e9dve t\u00e1rolja. Allerg\u00e9nek: A term\u00e9ket olyan [&hellip;]<\/p>\n","protected":false},"featured_media":7300,"comment_status":"open","ping_status":"closed","template":"","meta":{"_uag_custom_page_level_css":"","site-sidebar-layout":"default","site-content-layout":"","ast-site-content-layout":"default","site-content-style":"default","site-sidebar-style":"default","ast-global-header-display":"","ast-banner-title-visibility":"","ast-main-header-display":"","ast-hfb-above-header-display":"","ast-hfb-below-header-display":"","ast-hfb-mobile-header-display":"","site-post-title":"","ast-breadcrumbs-content":"","ast-featured-img":"","footer-sml-layout":"","theme-transparent-header-meta":"default","adv-header-id-meta":"","stick-header-meta":"default","header-above-stick-meta":"","header-main-stick-meta":"","header-below-stick-meta":"","astra-migrate-meta-layouts":"default","ast-page-background-enabled":"default","ast-page-background-meta":{"desktop":{"background-color":"var(--ast-global-color-4)","background-image":"","background-repeat":"repeat","background-position":"center center","background-size":"auto","background-attachment":"scroll","background-type":"","background-media":"","overlay-type":"","overlay-color":"","overlay-opacity":"","overlay-gradient":""},"tablet":{"background-color":"","background-image":"","background-repeat":"repeat","background-position":"center center","background-size":"auto","background-attachment":"scroll","background-type":"","background-media":"","overlay-type":"","overlay-color":"","overlay-opacity":"","overlay-gradient":""},"mobile":{"background-color":"","background-image":"","background-repeat":"repeat","background-position":"center center","background-size":"auto","background-attachment":"scroll","background-type":"","background-media":"","overlay-type":"","overlay-color":"","overlay-opacity":"","overlay-gradient":""}},"ast-content-background-meta":{"desktop":{"background-color":"var(--ast-global-color-5)","background-image":"","background-repeat":"repeat","background-position":"center center","background-size":"auto","background-attachment":"scroll","background-type":"","background-media":"","overlay-type":"","overlay-color":"","overlay-opacity":"","overlay-gradient":""},"tablet":{"background-color":"var(--ast-global-color-5)","background-image":"","background-repeat":"repeat","background-position":"center center","background-size":"auto","background-attachment":"scroll","background-type":"","background-media":"","overlay-type":"","overlay-color":"","overlay-opacity":"","overlay-gradient":""},"mobile":{"background-color":"var(--ast-global-color-5)","background-image":"","background-repeat":"repeat","background-position":"center center","background-size":"auto","background-attachment":"scroll","background-type":"","background-media":"","overlay-type":"","overlay-color":"","overlay-opacity":"","overlay-gradient":""}}},"product_brand":[],"product_cat":[103,105],"product_tag":[],"class_list":{"0":"post-7342","1":"product","2":"type-product","3":"status-publish","4":"has-post-thumbnail","6":"product_cat-olajok-es-magvajak","7":"product_cat-magvajak","8":"desktop-align-left","9":"tablet-align-left","10":"mobile-align-left","11":"ast-product-gallery-layout-horizontal-slider","12":"ast-product-gallery-with-no-image","13":"ast-product-tabs-layout-horizontal","14":"ast-qv-on-image","16":"first","17":"instock","18":"taxable","19":"shipping-taxable","20":"purchasable","21":"product-type-simple"},"uagb_featured_image_src":{"full":["https:\/\/dobozshop.ro\/webshop\/wp-content\/uploads\/2024\/06\/361_Crema-fina-de-arahide-mic-e1718016479944.jpeg",1200,1600,false],"thumbnail":["https:\/\/dobozshop.ro\/webshop\/wp-content\/uploads\/2024\/06\/361_Crema-fina-de-arahide-mic-150x150.jpeg",150,150,true],"medium":["https:\/\/dobozshop.ro\/webshop\/wp-content\/uploads\/2024\/06\/361_Crema-fina-de-arahide-mic-225x300.jpeg",225,300,true],"medium_large":["https:\/\/dobozshop.ro\/webshop\/wp-content\/uploads\/2024\/06\/361_Crema-fina-de-arahide-mic-768x1024.jpeg",768,1024,true],"large":["https:\/\/dobozshop.ro\/webshop\/wp-content\/uploads\/2024\/06\/361_Crema-fina-de-arahide-mic-768x1024.jpeg",768,1024,true],"1536x1536":["https:\/\/dobozshop.ro\/webshop\/wp-content\/uploads\/2024\/06\/361_Crema-fina-de-arahide-mic-1152x1536.jpeg",1152,1536,true],"2048x2048":["https:\/\/dobozshop.ro\/webshop\/wp-content\/uploads\/2024\/06\/361_Crema-fina-de-arahide-mic-e1718016479944.jpeg",1200,1600,false],"woocommerce_thumbnail":["https:\/\/dobozshop.ro\/webshop\/wp-content\/uploads\/2024\/06\/361_Crema-fina-de-arahide-mic-300x300.jpeg",300,300,true],"woocommerce_single":["https:\/\/dobozshop.ro\/webshop\/wp-content\/uploads\/2024\/06\/361_Crema-fina-de-arahide-mic-600x800.jpeg",600,800,true],"woocommerce_gallery_thumbnail":["https:\/\/dobozshop.ro\/webshop\/wp-content\/uploads\/2024\/06\/361_Crema-fina-de-arahide-mic-100x100.jpeg",100,100,true]},"uagb_author_info":{"display_name":"admin","author_link":"https:\/\/dobozshop.ro\/webshop\/hu\/author\/"},"uagb_comment_info":0,"uagb_excerpt":"Sz\u00e1rmaz\u00e1si hely: Argent\u00edna \u00f6sszetev\u0151k: 100% f\u00f6ldimogyor\u00f3 T\u00e1rol\u00e1si felt\u00e9telek: Sz\u00e1raz \u00e9s h\u0171v\u00f6s helyen, k\u00f6zvetlen napf\u00e9nyt\u0151l v\u00e9dve t\u00e1rolja. Allerg\u00e9nek: A term\u00e9ket olyan [&hellip;]","jetpack_sharing_enabled":true,"_links":{"self":[{"href":"https:\/\/dobozshop.ro\/webshop\/hu\/wp-json\/wp\/v2\/product\/7342","targetHints":{"allow":["GET"]}}],"collection":[{"href":"https:\/\/dobozshop.ro\/webshop\/hu\/wp-json\/wp\/v2\/product"}],"about":[{"href":"https:\/\/dobozshop.ro\/webshop\/hu\/wp-json\/wp\/v2\/types\/product"}],"replies":[{"embeddable":true,"href":"https:\/\/dobozshop.ro\/webshop\/hu\/wp-json\/wp\/v2\/comments?post=7342"}],"wp:featuredmedia":[{"embeddable":true,"href":"https:\/\/dobozshop.ro\/webshop\/hu\/wp-json\/wp\/v2\/media\/7300"}],"wp:attachment":[{"href":"https:\/\/dobozshop.ro\/webshop\/hu\/wp-json\/wp\/v2\/media?parent=7342"}],"wp:term":[{"taxonomy":"product_brand","embeddable":true,"href":"https:\/\/dobozshop.ro\/webshop\/hu\/wp-json\/wp\/v2\/product_brand?post=7342"},{"taxonomy":"product_cat","embeddable":true,"href":"https:\/\/dobozshop.ro\/webshop\/hu\/wp-json\/wp\/v2\/product_cat?post=7342"},{"taxonomy":"product_tag","embeddable":true,"href":"https:\/\/dobozshop.ro\/webshop\/hu\/wp-json\/wp\/v2\/product_tag?post=7342"}],"curies":[{"name":"wp","href":"https:\/\/api.w.org\/{rel}","templated":true}]}}