{"id":7658,"date":"2024-10-16T11:59:46","date_gmt":"2024-10-16T11:59:46","guid":{"rendered":"https:\/\/dobozshop.ro\/webshop\/produs\/bioplasztik-folyekony-fa-fogkefe-tok\/"},"modified":"2024-10-16T11:59:46","modified_gmt":"2024-10-16T11:59:46","slug":"bioplasztik-folyekony-fa-fogkefe-tok","status":"publish","type":"product","link":"https:\/\/dobozshop.ro\/webshop\/hu\/produs\/bioplasztik-folyekony-fa-fogkefe-tok\/","title":{"rendered":"Bioplasztik (foly\u00e9kony fa) fogkefe tok"},"content":{"rendered":"<p>Biom\u0171anyagb\u00f3l (foly\u00e9kony fa) k\u00e9sz\u00fclt utaz\u00f3doboz.<br \/>\nA biom\u0171anyag f\u0151leg ligninb\u0151l (a cellul\u00f3z mellett a fa egyik alapvet\u0151 \u00f6sszetev\u0151je), rostokb\u00f3l \u00e9s term\u00e9szetes viaszokb\u00f3l k\u00e9sz\u00fcl.<br \/>\n<\/p>\n<ul>\n<li>A szappantart\u00f3 anyaga teljesen term\u00e9szetes, 100% -ban biol\u00f3giailag leboml\u00f3.<\/li>\n<\/ul>\n","protected":false},"excerpt":{"rendered":"<p>Biom\u0171anyagb\u00f3l (foly\u00e9kony fa) k\u00e9sz\u00fclt utaz\u00f3doboz. A biom\u0171anyag f\u0151leg ligninb\u0151l (a cellul\u00f3z mellett a fa egyik alapvet\u0151 \u00f6sszetev\u0151je), rostokb\u00f3l \u00e9s term\u00e9szetes [&hellip;]<\/p>\n","protected":false},"featured_media":7655,"comment_status":"open","ping_status":"closed","template":"","meta":{"_uag_custom_page_level_css":"","site-sidebar-layout":"default","site-content-layout":"","ast-site-content-layout":"default","site-content-style":"default","site-sidebar-style":"default","ast-global-header-display":"","ast-banner-title-visibility":"","ast-main-header-display":"","ast-hfb-above-header-display":"","ast-hfb-below-header-display":"","ast-hfb-mobile-header-display":"","site-post-title":"","ast-breadcrumbs-content":"","ast-featured-img":"","footer-sml-layout":"","theme-transparent-header-meta":"default","adv-header-id-meta":"","stick-header-meta":"default","header-above-stick-meta":"","header-main-stick-meta":"","header-below-stick-meta":"","astra-migrate-meta-layouts":"default","ast-page-background-enabled":"default","ast-page-background-meta":{"desktop":{"background-color":"var(--ast-global-color-4)","background-image":"","background-repeat":"repeat","background-position":"center center","background-size":"auto","background-attachment":"scroll","background-type":"","background-media":"","overlay-type":"","overlay-color":"","overlay-opacity":"","overlay-gradient":""},"tablet":{"background-color":"","background-image":"","background-repeat":"repeat","background-position":"center center","background-size":"auto","background-attachment":"scroll","background-type":"","background-media":"","overlay-type":"","overlay-color":"","overlay-opacity":"","overlay-gradient":""},"mobile":{"background-color":"","background-image":"","background-repeat":"repeat","background-position":"center center","background-size":"auto","background-attachment":"scroll","background-type":"","background-media":"","overlay-type":"","overlay-color":"","overlay-opacity":"","overlay-gradient":""}},"ast-content-background-meta":{"desktop":{"background-color":"var(--ast-global-color-5)","background-image":"","background-repeat":"repeat","background-position":"center center","background-size":"auto","background-attachment":"scroll","background-type":"","background-media":"","overlay-type":"","overlay-color":"","overlay-opacity":"","overlay-gradient":""},"tablet":{"background-color":"var(--ast-global-color-5)","background-image":"","background-repeat":"repeat","background-position":"center center","background-size":"auto","background-attachment":"scroll","background-type":"","background-media":"","overlay-type":"","overlay-color":"","overlay-opacity":"","overlay-gradient":""},"mobile":{"background-color":"var(--ast-global-color-5)","background-image":"","background-repeat":"repeat","background-position":"center center","background-size":"auto","background-attachment":"scroll","background-type":"","background-media":"","overlay-type":"","overlay-color":"","overlay-opacity":"","overlay-gradient":""}}},"product_brand":[],"product_cat":[86,87],"product_tag":[],"class_list":{"0":"post-7658","1":"product","2":"type-product","3":"status-publish","4":"has-post-thumbnail","6":"product_cat-natur-kozmetikumok-szappanok","7":"product_cat-natur-kozmetikumok","8":"desktop-align-left","9":"tablet-align-left","10":"mobile-align-left","11":"ast-product-gallery-layout-horizontal-slider","12":"ast-product-tabs-layout-horizontal","13":"ast-qv-on-image","15":"first","16":"outofstock","17":"taxable","18":"shipping-taxable","19":"purchasable","20":"product-type-simple"},"uagb_featured_image_src":{"full":["https:\/\/dobozshop.ro\/webshop\/wp-content\/uploads\/2024\/10\/WhatsApp-Image-2024-08-06-at-1.58.43-PM-14-e1729079482172.jpeg",1200,1600,false],"thumbnail":["https:\/\/dobozshop.ro\/webshop\/wp-content\/uploads\/2024\/10\/WhatsApp-Image-2024-08-06-at-1.58.43-PM-14-150x150.jpeg",150,150,true],"medium":["https:\/\/dobozshop.ro\/webshop\/wp-content\/uploads\/2024\/10\/WhatsApp-Image-2024-08-06-at-1.58.43-PM-14-225x300.jpeg",225,300,true],"medium_large":["https:\/\/dobozshop.ro\/webshop\/wp-content\/uploads\/2024\/10\/WhatsApp-Image-2024-08-06-at-1.58.43-PM-14-768x1024.jpeg",768,1024,true],"large":["https:\/\/dobozshop.ro\/webshop\/wp-content\/uploads\/2024\/10\/WhatsApp-Image-2024-08-06-at-1.58.43-PM-14-768x1024.jpeg",768,1024,true],"1536x1536":["https:\/\/dobozshop.ro\/webshop\/wp-content\/uploads\/2024\/10\/WhatsApp-Image-2024-08-06-at-1.58.43-PM-14-1152x1536.jpeg",1152,1536,true],"2048x2048":["https:\/\/dobozshop.ro\/webshop\/wp-content\/uploads\/2024\/10\/WhatsApp-Image-2024-08-06-at-1.58.43-PM-14-e1729079482172.jpeg",1200,1600,false],"woocommerce_thumbnail":["https:\/\/dobozshop.ro\/webshop\/wp-content\/uploads\/2024\/10\/WhatsApp-Image-2024-08-06-at-1.58.43-PM-14-300x300.jpeg",300,300,true],"woocommerce_single":["https:\/\/dobozshop.ro\/webshop\/wp-content\/uploads\/2024\/10\/WhatsApp-Image-2024-08-06-at-1.58.43-PM-14-600x800.jpeg",600,800,true],"woocommerce_gallery_thumbnail":["https:\/\/dobozshop.ro\/webshop\/wp-content\/uploads\/2024\/10\/WhatsApp-Image-2024-08-06-at-1.58.43-PM-14-100x100.jpeg",100,100,true]},"uagb_author_info":{"display_name":"admin","author_link":"https:\/\/dobozshop.ro\/webshop\/hu\/author\/"},"uagb_comment_info":0,"uagb_excerpt":"Biom\u0171anyagb\u00f3l (foly\u00e9kony fa) k\u00e9sz\u00fclt utaz\u00f3doboz. A biom\u0171anyag f\u0151leg ligninb\u0151l (a cellul\u00f3z mellett a fa egyik alapvet\u0151 \u00f6sszetev\u0151je), rostokb\u00f3l \u00e9s term\u00e9szetes [&hellip;]","jetpack_sharing_enabled":true,"_links":{"self":[{"href":"https:\/\/dobozshop.ro\/webshop\/hu\/wp-json\/wp\/v2\/product\/7658","targetHints":{"allow":["GET"]}}],"collection":[{"href":"https:\/\/dobozshop.ro\/webshop\/hu\/wp-json\/wp\/v2\/product"}],"about":[{"href":"https:\/\/dobozshop.ro\/webshop\/hu\/wp-json\/wp\/v2\/types\/product"}],"replies":[{"embeddable":true,"href":"https:\/\/dobozshop.ro\/webshop\/hu\/wp-json\/wp\/v2\/comments?post=7658"}],"wp:featuredmedia":[{"embeddable":true,"href":"https:\/\/dobozshop.ro\/webshop\/hu\/wp-json\/wp\/v2\/media\/7655"}],"wp:attachment":[{"href":"https:\/\/dobozshop.ro\/webshop\/hu\/wp-json\/wp\/v2\/media?parent=7658"}],"wp:term":[{"taxonomy":"product_brand","embeddable":true,"href":"https:\/\/dobozshop.ro\/webshop\/hu\/wp-json\/wp\/v2\/product_brand?post=7658"},{"taxonomy":"product_cat","embeddable":true,"href":"https:\/\/dobozshop.ro\/webshop\/hu\/wp-json\/wp\/v2\/product_cat?post=7658"},{"taxonomy":"product_tag","embeddable":true,"href":"https:\/\/dobozshop.ro\/webshop\/hu\/wp-json\/wp\/v2\/product_tag?post=7658"}],"curies":[{"name":"wp","href":"https:\/\/api.w.org\/{rel}","templated":true}]}}