{"id":7874,"date":"2024-11-28T12:00:25","date_gmt":"2024-11-28T12:00:25","guid":{"rendered":"https:\/\/dobozshop.ro\/webshop\/produs\/magkeverek-kenyerhez\/"},"modified":"2026-03-31T08:17:05","modified_gmt":"2026-03-31T08:17:05","slug":"magkeverek-kenyerhez","status":"publish","type":"product","link":"https:\/\/dobozshop.ro\/webshop\/hu\/produs\/magkeverek-kenyerhez\/","title":{"rendered":"Magkever\u00e9k keny\u00e9rhez"},"content":{"rendered":"<p>\u00f6sszetev\u0151k: <span data-sheets-root=\"1\" data-sheets-value=\"{\"1\":2,\"2\":\"nucsoara\"}\" data-sheets-userformat=\"{\"2\":513,\"3\":{\"1\":0},\"12\":0}\">feh\u00e9r szez\u00e1mmag, fekete szez\u00e1mmag, t\u00f6kmag, lenmag, napraforg\u00f3mag<\/span><br \/>\nT\u00e1rol\u00e1si felt\u00e9telek: Sz\u00e1raz \u00e9s h\u0171v\u00f6s helyen, a napsugarak k\u00f6zvetlen hat\u00e1s\u00e1t\u00f3l t\u00e1vol t\u00e1roland\u00f3.<br \/>\n<span data-sheets-root=\"1\" data-sheets-value=\"{\"1\":2,\"2\":\"Produsul este ambalat intr-o unitate unde se proceseaza soia, telina, mustar, susan, semin\u0163e, cereale continand gluten, alune, nuci. \"}\" data-sheets-userformat=\"{\"2\":513,\"3\":{\"1\":0},\"12\":0}\">Allerg\u00e9nek: A term\u00e9ket olyan l\u00e9tes\u00edtm\u00e9nyben csomagolj\u00e1k, ahol sz\u00f3ja, zeller, must\u00e1r, szez\u00e1mmag, magvak, glut\u00e9nt tartalmaz\u00f3 gabonaf\u00e9l\u00e9k, f\u00f6ldimogyor\u00f3, di\u00f3f\u00e9l\u00e9k ker\u00fclnek feldolgoz\u00e1sra. <\/span> <\/p>\n","protected":false},"excerpt":{"rendered":"<p>\u00f6sszetev\u0151k: feh\u00e9r szez\u00e1mmag, fekete szez\u00e1mmag, t\u00f6kmag, lenmag, napraforg\u00f3mag T\u00e1rol\u00e1si felt\u00e9telek: Sz\u00e1raz \u00e9s h\u0171v\u00f6s helyen, a napsugarak k\u00f6zvetlen hat\u00e1s\u00e1t\u00f3l t\u00e1vol t\u00e1roland\u00f3. [&hellip;]<\/p>\n","protected":false},"featured_media":7860,"comment_status":"open","ping_status":"closed","template":"","meta":{"_uag_custom_page_level_css":"","site-sidebar-layout":"default","site-content-layout":"","ast-site-content-layout":"default","site-content-style":"default","site-sidebar-style":"default","ast-global-header-display":"","ast-banner-title-visibility":"","ast-main-header-display":"","ast-hfb-above-header-display":"","ast-hfb-below-header-display":"","ast-hfb-mobile-header-display":"","site-post-title":"","ast-breadcrumbs-content":"","ast-featured-img":"","footer-sml-layout":"","theme-transparent-header-meta":"default","adv-header-id-meta":"","stick-header-meta":"default","header-above-stick-meta":"","header-main-stick-meta":"","header-below-stick-meta":"","astra-migrate-meta-layouts":"default","ast-page-background-enabled":"default","ast-page-background-meta":{"desktop":{"background-color":"var(--ast-global-color-4)","background-image":"","background-repeat":"repeat","background-position":"center center","background-size":"auto","background-attachment":"scroll","background-type":"","background-media":"","overlay-type":"","overlay-color":"","overlay-opacity":"","overlay-gradient":""},"tablet":{"background-color":"","background-image":"","background-repeat":"repeat","background-position":"center center","background-size":"auto","background-attachment":"scroll","background-type":"","background-media":"","overlay-type":"","overlay-color":"","overlay-opacity":"","overlay-gradient":""},"mobile":{"background-color":"","background-image":"","background-repeat":"repeat","background-position":"center center","background-size":"auto","background-attachment":"scroll","background-type":"","background-media":"","overlay-type":"","overlay-color":"","overlay-opacity":"","overlay-gradient":""}},"ast-content-background-meta":{"desktop":{"background-color":"var(--ast-global-color-5)","background-image":"","background-repeat":"repeat","background-position":"center center","background-size":"auto","background-attachment":"scroll","background-type":"","background-media":"","overlay-type":"","overlay-color":"","overlay-opacity":"","overlay-gradient":""},"tablet":{"background-color":"var(--ast-global-color-5)","background-image":"","background-repeat":"repeat","background-position":"center center","background-size":"auto","background-attachment":"scroll","background-type":"","background-media":"","overlay-type":"","overlay-color":"","overlay-opacity":"","overlay-gradient":""},"mobile":{"background-color":"var(--ast-global-color-5)","background-image":"","background-repeat":"repeat","background-position":"center center","background-size":"auto","background-attachment":"scroll","background-type":"","background-media":"","overlay-type":"","overlay-color":"","overlay-opacity":"","overlay-gradient":""}}},"product_brand":[],"product_cat":[84],"product_tag":[],"class_list":{"0":"post-7874","1":"product","2":"type-product","3":"status-publish","4":"has-post-thumbnail","6":"product_cat-magvak-es-huvelyesek","7":"desktop-align-left","8":"tablet-align-left","9":"mobile-align-left","10":"ast-product-gallery-layout-horizontal-slider","11":"ast-product-gallery-with-no-image","12":"ast-product-single-variable","13":"ast-product-tabs-layout-horizontal","14":"ast-qv-on-image","16":"first","17":"instock","18":"taxable","19":"shipping-taxable","20":"purchasable","21":"product-type-variable","22":"has-default-attributes"},"uagb_featured_image_src":{"full":["https:\/\/dobozshop.ro\/webshop\/wp-content\/uploads\/2024\/11\/WhatsApp-Image-2024-11-28-at-1.49.18-PM-e1732795191573.jpeg",1600,1200,false],"thumbnail":["https:\/\/dobozshop.ro\/webshop\/wp-content\/uploads\/2024\/11\/WhatsApp-Image-2024-11-28-at-1.49.18-PM-150x150.jpeg",150,150,true],"medium":["https:\/\/dobozshop.ro\/webshop\/wp-content\/uploads\/2024\/11\/WhatsApp-Image-2024-11-28-at-1.49.18-PM-300x225.jpeg",300,225,true],"medium_large":["https:\/\/dobozshop.ro\/webshop\/wp-content\/uploads\/2024\/11\/WhatsApp-Image-2024-11-28-at-1.49.18-PM-768x576.jpeg",768,576,true],"large":["https:\/\/dobozshop.ro\/webshop\/wp-content\/uploads\/2024\/11\/WhatsApp-Image-2024-11-28-at-1.49.18-PM-1024x768.jpeg",1024,768,true],"1536x1536":["https:\/\/dobozshop.ro\/webshop\/wp-content\/uploads\/2024\/11\/WhatsApp-Image-2024-11-28-at-1.49.18-PM-1536x1152.jpeg",1536,1152,true],"2048x2048":["https:\/\/dobozshop.ro\/webshop\/wp-content\/uploads\/2024\/11\/WhatsApp-Image-2024-11-28-at-1.49.18-PM-e1732795191573.jpeg",1600,1200,false],"woocommerce_thumbnail":["https:\/\/dobozshop.ro\/webshop\/wp-content\/uploads\/2024\/11\/WhatsApp-Image-2024-11-28-at-1.49.18-PM-300x300.jpeg",300,300,true],"woocommerce_single":["https:\/\/dobozshop.ro\/webshop\/wp-content\/uploads\/2024\/11\/WhatsApp-Image-2024-11-28-at-1.49.18-PM-600x450.jpeg",600,450,true],"woocommerce_gallery_thumbnail":["https:\/\/dobozshop.ro\/webshop\/wp-content\/uploads\/2024\/11\/WhatsApp-Image-2024-11-28-at-1.49.18-PM-100x100.jpeg",100,100,true]},"uagb_author_info":{"display_name":"admin","author_link":"https:\/\/dobozshop.ro\/webshop\/hu\/author\/"},"uagb_comment_info":0,"uagb_excerpt":"\u00f6sszetev\u0151k: feh\u00e9r szez\u00e1mmag, fekete szez\u00e1mmag, t\u00f6kmag, lenmag, napraforg\u00f3mag T\u00e1rol\u00e1si felt\u00e9telek: Sz\u00e1raz \u00e9s h\u0171v\u00f6s helyen, a napsugarak k\u00f6zvetlen hat\u00e1s\u00e1t\u00f3l t\u00e1vol t\u00e1roland\u00f3. [&hellip;]","jetpack_sharing_enabled":true,"_links":{"self":[{"href":"https:\/\/dobozshop.ro\/webshop\/hu\/wp-json\/wp\/v2\/product\/7874","targetHints":{"allow":["GET"]}}],"collection":[{"href":"https:\/\/dobozshop.ro\/webshop\/hu\/wp-json\/wp\/v2\/product"}],"about":[{"href":"https:\/\/dobozshop.ro\/webshop\/hu\/wp-json\/wp\/v2\/types\/product"}],"replies":[{"embeddable":true,"href":"https:\/\/dobozshop.ro\/webshop\/hu\/wp-json\/wp\/v2\/comments?post=7874"}],"wp:featuredmedia":[{"embeddable":true,"href":"https:\/\/dobozshop.ro\/webshop\/hu\/wp-json\/wp\/v2\/media\/7860"}],"wp:attachment":[{"href":"https:\/\/dobozshop.ro\/webshop\/hu\/wp-json\/wp\/v2\/media?parent=7874"}],"wp:term":[{"taxonomy":"product_brand","embeddable":true,"href":"https:\/\/dobozshop.ro\/webshop\/hu\/wp-json\/wp\/v2\/product_brand?post=7874"},{"taxonomy":"product_cat","embeddable":true,"href":"https:\/\/dobozshop.ro\/webshop\/hu\/wp-json\/wp\/v2\/product_cat?post=7874"},{"taxonomy":"product_tag","embeddable":true,"href":"https:\/\/dobozshop.ro\/webshop\/hu\/wp-json\/wp\/v2\/product_tag?post=7874"}],"curies":[{"name":"wp","href":"https:\/\/api.w.org\/{rel}","templated":true}]}}