{"id":8066,"date":"2025-02-13T14:21:16","date_gmt":"2025-02-13T14:21:16","guid":{"rendered":"https:\/\/dobozshop.ro\/webshop\/produs\/keseru-so-epsom\/"},"modified":"2025-02-17T10:37:03","modified_gmt":"2025-02-17T10:37:03","slug":"keseru-so-epsom","status":"publish","type":"product","link":"https:\/\/dobozshop.ro\/webshop\/hu\/produs\/keseru-so-epsom\/","title":{"rendered":"Keser\u0171 s\u00f3 (Epsom)"},"content":{"rendered":"<p>Sz\u00e1rmaz\u00e1si hely: EU<br \/>\n\u00d6sszetev\u0151k: magn\u00e9zium-szulf\u00e1t<br \/>\nT\u00e1rol\u00e1si felt\u00e9telek: Sz\u00e1raz \u00e9s h\u0171v\u00f6s helyen, a napsugarak k\u00f6zvetlen hat\u00e1s\u00e1t\u00f3l t\u00e1vol t\u00e1roland\u00f3.<br \/>\nAllerg\u00e9nek:Nem tartalmaz<\/p>\n","protected":false},"excerpt":{"rendered":"<p>Sz\u00e1rmaz\u00e1si hely: EU \u00d6sszetev\u0151k: magn\u00e9zium-szulf\u00e1t T\u00e1rol\u00e1si felt\u00e9telek: Sz\u00e1raz \u00e9s h\u0171v\u00f6s helyen, a napsugarak k\u00f6zvetlen hat\u00e1s\u00e1t\u00f3l t\u00e1vol t\u00e1roland\u00f3. Allerg\u00e9nek:Nem tartalmaz<\/p>\n","protected":false},"featured_media":8026,"comment_status":"open","ping_status":"closed","template":"","meta":{"_uag_custom_page_level_css":"","site-sidebar-layout":"default","site-content-layout":"","ast-site-content-layout":"default","site-content-style":"default","site-sidebar-style":"default","ast-global-header-display":"","ast-banner-title-visibility":"","ast-main-header-display":"","ast-hfb-above-header-display":"","ast-hfb-below-header-display":"","ast-hfb-mobile-header-display":"","site-post-title":"","ast-breadcrumbs-content":"","ast-featured-img":"","footer-sml-layout":"","theme-transparent-header-meta":"default","adv-header-id-meta":"","stick-header-meta":"default","header-above-stick-meta":"","header-main-stick-meta":"","header-below-stick-meta":"","astra-migrate-meta-layouts":"default","ast-page-background-enabled":"default","ast-page-background-meta":{"desktop":{"background-color":"var(--ast-global-color-4)","background-image":"","background-repeat":"repeat","background-position":"center center","background-size":"auto","background-attachment":"scroll","background-type":"","background-media":"","overlay-type":"","overlay-color":"","overlay-opacity":"","overlay-gradient":""},"tablet":{"background-color":"","background-image":"","background-repeat":"repeat","background-position":"center center","background-size":"auto","background-attachment":"scroll","background-type":"","background-media":"","overlay-type":"","overlay-color":"","overlay-opacity":"","overlay-gradient":""},"mobile":{"background-color":"","background-image":"","background-repeat":"repeat","background-position":"center center","background-size":"auto","background-attachment":"scroll","background-type":"","background-media":"","overlay-type":"","overlay-color":"","overlay-opacity":"","overlay-gradient":""}},"ast-content-background-meta":{"desktop":{"background-color":"var(--ast-global-color-5)","background-image":"","background-repeat":"repeat","background-position":"center center","background-size":"auto","background-attachment":"scroll","background-type":"","background-media":"","overlay-type":"","overlay-color":"","overlay-opacity":"","overlay-gradient":""},"tablet":{"background-color":"var(--ast-global-color-5)","background-image":"","background-repeat":"repeat","background-position":"center center","background-size":"auto","background-attachment":"scroll","background-type":"","background-media":"","overlay-type":"","overlay-color":"","overlay-opacity":"","overlay-gradient":""},"mobile":{"background-color":"var(--ast-global-color-5)","background-image":"","background-repeat":"repeat","background-position":"center center","background-size":"auto","background-attachment":"scroll","background-type":"","background-media":"","overlay-type":"","overlay-color":"","overlay-opacity":"","overlay-gradient":""}}},"product_brand":[],"product_cat":[86,87],"product_tag":[],"class_list":{"0":"post-8066","1":"product","2":"type-product","3":"status-publish","4":"has-post-thumbnail","6":"product_cat-natur-kozmetikumok-szappanok","7":"product_cat-natur-kozmetikumok","8":"desktop-align-left","9":"tablet-align-left","10":"mobile-align-left","11":"ast-product-gallery-layout-horizontal-slider","12":"ast-product-gallery-with-no-image","13":"ast-product-single-variable","14":"ast-product-tabs-layout-horizontal","15":"ast-qv-on-image","17":"first","18":"instock","19":"taxable","20":"shipping-taxable","21":"purchasable","22":"product-type-variable"},"uagb_featured_image_src":{"full":["https:\/\/dobozshop.ro\/webshop\/wp-content\/uploads\/2025\/02\/IMG_2312-1-scaled-e1739456335413.jpg",2560,1920,false],"thumbnail":["https:\/\/dobozshop.ro\/webshop\/wp-content\/uploads\/2025\/02\/IMG_2312-1-150x150.jpg",150,150,true],"medium":["https:\/\/dobozshop.ro\/webshop\/wp-content\/uploads\/2025\/02\/IMG_2312-1-300x225.jpg",300,225,true],"medium_large":["https:\/\/dobozshop.ro\/webshop\/wp-content\/uploads\/2025\/02\/IMG_2312-1-768x576.jpg",768,576,true],"large":["https:\/\/dobozshop.ro\/webshop\/wp-content\/uploads\/2025\/02\/IMG_2312-1-1024x768.jpg",1024,768,true],"1536x1536":["https:\/\/dobozshop.ro\/webshop\/wp-content\/uploads\/2025\/02\/IMG_2312-1-1536x1152.jpg",1536,1152,true],"2048x2048":["https:\/\/dobozshop.ro\/webshop\/wp-content\/uploads\/2025\/02\/IMG_2312-1-2048x1536.jpg",2048,1536,true],"woocommerce_thumbnail":["https:\/\/dobozshop.ro\/webshop\/wp-content\/uploads\/2025\/02\/IMG_2312-1-300x300.jpg",300,300,true],"woocommerce_single":["https:\/\/dobozshop.ro\/webshop\/wp-content\/uploads\/2025\/02\/IMG_2312-1-600x450.jpg",600,450,true],"woocommerce_gallery_thumbnail":["https:\/\/dobozshop.ro\/webshop\/wp-content\/uploads\/2025\/02\/IMG_2312-1-100x100.jpg",100,100,true]},"uagb_author_info":{"display_name":"admin","author_link":"https:\/\/dobozshop.ro\/webshop\/hu\/author\/"},"uagb_comment_info":0,"uagb_excerpt":"Sz\u00e1rmaz\u00e1si hely: EU \u00d6sszetev\u0151k: magn\u00e9zium-szulf\u00e1t T\u00e1rol\u00e1si felt\u00e9telek: Sz\u00e1raz \u00e9s h\u0171v\u00f6s helyen, a napsugarak k\u00f6zvetlen hat\u00e1s\u00e1t\u00f3l t\u00e1vol t\u00e1roland\u00f3. Allerg\u00e9nek:Nem tartalmaz","jetpack_sharing_enabled":true,"_links":{"self":[{"href":"https:\/\/dobozshop.ro\/webshop\/hu\/wp-json\/wp\/v2\/product\/8066","targetHints":{"allow":["GET"]}}],"collection":[{"href":"https:\/\/dobozshop.ro\/webshop\/hu\/wp-json\/wp\/v2\/product"}],"about":[{"href":"https:\/\/dobozshop.ro\/webshop\/hu\/wp-json\/wp\/v2\/types\/product"}],"replies":[{"embeddable":true,"href":"https:\/\/dobozshop.ro\/webshop\/hu\/wp-json\/wp\/v2\/comments?post=8066"}],"wp:featuredmedia":[{"embeddable":true,"href":"https:\/\/dobozshop.ro\/webshop\/hu\/wp-json\/wp\/v2\/media\/8026"}],"wp:attachment":[{"href":"https:\/\/dobozshop.ro\/webshop\/hu\/wp-json\/wp\/v2\/media?parent=8066"}],"wp:term":[{"taxonomy":"product_brand","embeddable":true,"href":"https:\/\/dobozshop.ro\/webshop\/hu\/wp-json\/wp\/v2\/product_brand?post=8066"},{"taxonomy":"product_cat","embeddable":true,"href":"https:\/\/dobozshop.ro\/webshop\/hu\/wp-json\/wp\/v2\/product_cat?post=8066"},{"taxonomy":"product_tag","embeddable":true,"href":"https:\/\/dobozshop.ro\/webshop\/hu\/wp-json\/wp\/v2\/product_tag?post=8066"}],"curies":[{"name":"wp","href":"https:\/\/api.w.org\/{rel}","templated":true}]}}