{"id":8150,"date":"2025-02-18T05:55:35","date_gmt":"2025-02-18T05:55:35","guid":{"rendered":"https:\/\/dobozshop.ro\/webshop\/produs\/gluten-laktoz-es-tojasmentes-zsemlemorzsa\/"},"modified":"2025-02-18T05:55:35","modified_gmt":"2025-02-18T05:55:35","slug":"gluten-laktoz-es-tojasmentes-zsemlemorzsa","status":"publish","type":"product","link":"https:\/\/dobozshop.ro\/webshop\/hu\/produs\/gluten-laktoz-es-tojasmentes-zsemlemorzsa\/","title":{"rendered":"Glut\u00e9n-, lakt\u00f3z- \u00e9s toj\u00e1smentes zsemlemorzsa"},"content":{"rendered":"<p>Sz\u00e1rmaz\u00e1si hely: Rom\u00e1nia<br \/>\n\u00d6sszetev\u0151k: rizsliszt, rizskem\u00e9ny\u00edt\u0151, t\u00e1pi\u00f3kakem\u00e9ny\u00edt\u0151, cukor, dehidrat\u00e1lt rizs kov\u00e1sz (\u0151r\u00f6lt rizsterm\u00e9kek, starter kult\u00fara), psyllium, repceolaj, napraforg\u00f3olaj, \u00e9leszt\u0151, emulge\u00e1l\u00f3szer: zs\u00edrsavak mono- \u00e9s digliceridjei, term\u00e9szetes aroma, enzimek.<br \/>\nT\u00e1rol\u00e1si felt\u00e9telek: Sz\u00e1raz \u00e9s h\u0171v\u00f6s helyen, a napsugarak k\u00f6zvetlen hat\u00e1s\u00e1t\u00f3l t\u00e1vol t\u00e1roland\u00f3.<br \/>\nAllerg\u00e9nek:<\/p>\n","protected":false},"excerpt":{"rendered":"<p>Sz\u00e1rmaz\u00e1si hely: Rom\u00e1nia \u00d6sszetev\u0151k: rizsliszt, rizskem\u00e9ny\u00edt\u0151, t\u00e1pi\u00f3kakem\u00e9ny\u00edt\u0151, cukor, dehidrat\u00e1lt rizs kov\u00e1sz (\u0151r\u00f6lt rizsterm\u00e9kek, starter kult\u00fara), psyllium, repceolaj, napraforg\u00f3olaj, \u00e9leszt\u0151, emulge\u00e1l\u00f3szer: [&hellip;]<\/p>\n","protected":false},"featured_media":8148,"comment_status":"open","ping_status":"closed","template":"","meta":{"_uag_custom_page_level_css":"","site-sidebar-layout":"default","site-content-layout":"","ast-site-content-layout":"default","site-content-style":"default","site-sidebar-style":"default","ast-global-header-display":"","ast-banner-title-visibility":"","ast-main-header-display":"","ast-hfb-above-header-display":"","ast-hfb-below-header-display":"","ast-hfb-mobile-header-display":"","site-post-title":"","ast-breadcrumbs-content":"","ast-featured-img":"","footer-sml-layout":"","theme-transparent-header-meta":"default","adv-header-id-meta":"","stick-header-meta":"default","header-above-stick-meta":"","header-main-stick-meta":"","header-below-stick-meta":"","astra-migrate-meta-layouts":"default","ast-page-background-enabled":"default","ast-page-background-meta":{"desktop":{"background-color":"var(--ast-global-color-4)","background-image":"","background-repeat":"repeat","background-position":"center center","background-size":"auto","background-attachment":"scroll","background-type":"","background-media":"","overlay-type":"","overlay-color":"","overlay-opacity":"","overlay-gradient":""},"tablet":{"background-color":"","background-image":"","background-repeat":"repeat","background-position":"center center","background-size":"auto","background-attachment":"scroll","background-type":"","background-media":"","overlay-type":"","overlay-color":"","overlay-opacity":"","overlay-gradient":""},"mobile":{"background-color":"","background-image":"","background-repeat":"repeat","background-position":"center center","background-size":"auto","background-attachment":"scroll","background-type":"","background-media":"","overlay-type":"","overlay-color":"","overlay-opacity":"","overlay-gradient":""}},"ast-content-background-meta":{"desktop":{"background-color":"var(--ast-global-color-5)","background-image":"","background-repeat":"repeat","background-position":"center center","background-size":"auto","background-attachment":"scroll","background-type":"","background-media":"","overlay-type":"","overlay-color":"","overlay-opacity":"","overlay-gradient":""},"tablet":{"background-color":"var(--ast-global-color-5)","background-image":"","background-repeat":"repeat","background-position":"center center","background-size":"auto","background-attachment":"scroll","background-type":"","background-media":"","overlay-type":"","overlay-color":"","overlay-opacity":"","overlay-gradient":""},"mobile":{"background-color":"var(--ast-global-color-5)","background-image":"","background-repeat":"repeat","background-position":"center center","background-size":"auto","background-attachment":"scroll","background-type":"","background-media":"","overlay-type":"","overlay-color":"","overlay-opacity":"","overlay-gradient":""}}},"product_brand":[],"product_cat":[92,94],"product_tag":[],"class_list":{"0":"post-8150","1":"product","2":"type-product","3":"status-publish","4":"has-post-thumbnail","6":"product_cat-glutenmentes-termekek","7":"product_cat-glutenmentes-liszt-hu","8":"desktop-align-left","9":"tablet-align-left","10":"mobile-align-left","11":"ast-product-gallery-layout-horizontal-slider","12":"ast-product-gallery-with-no-image","13":"ast-product-single-variable","14":"ast-product-tabs-layout-horizontal","15":"ast-qv-on-image","17":"first","18":"onbackorder","19":"taxable","20":"shipping-taxable","21":"purchasable","22":"product-type-variable"},"uagb_featured_image_src":{"full":["https:\/\/dobozshop.ro\/webshop\/wp-content\/uploads\/2025\/02\/pesmet-fara-gluten-scaled-e1739858113599.jpg",2560,1920,false],"thumbnail":["https:\/\/dobozshop.ro\/webshop\/wp-content\/uploads\/2025\/02\/pesmet-fara-gluten-150x150.jpg",150,150,true],"medium":["https:\/\/dobozshop.ro\/webshop\/wp-content\/uploads\/2025\/02\/pesmet-fara-gluten-300x225.jpg",300,225,true],"medium_large":["https:\/\/dobozshop.ro\/webshop\/wp-content\/uploads\/2025\/02\/pesmet-fara-gluten-768x576.jpg",768,576,true],"large":["https:\/\/dobozshop.ro\/webshop\/wp-content\/uploads\/2025\/02\/pesmet-fara-gluten-1024x768.jpg",1024,768,true],"1536x1536":["https:\/\/dobozshop.ro\/webshop\/wp-content\/uploads\/2025\/02\/pesmet-fara-gluten-1536x1152.jpg",1536,1152,true],"2048x2048":["https:\/\/dobozshop.ro\/webshop\/wp-content\/uploads\/2025\/02\/pesmet-fara-gluten-2048x1536.jpg",2048,1536,true],"woocommerce_thumbnail":["https:\/\/dobozshop.ro\/webshop\/wp-content\/uploads\/2025\/02\/pesmet-fara-gluten-300x300.jpg",300,300,true],"woocommerce_single":["https:\/\/dobozshop.ro\/webshop\/wp-content\/uploads\/2025\/02\/pesmet-fara-gluten-600x450.jpg",600,450,true],"woocommerce_gallery_thumbnail":["https:\/\/dobozshop.ro\/webshop\/wp-content\/uploads\/2025\/02\/pesmet-fara-gluten-100x100.jpg",100,100,true]},"uagb_author_info":{"display_name":"admin","author_link":"https:\/\/dobozshop.ro\/webshop\/hu\/author\/"},"uagb_comment_info":0,"uagb_excerpt":"Sz\u00e1rmaz\u00e1si hely: Rom\u00e1nia \u00d6sszetev\u0151k: rizsliszt, rizskem\u00e9ny\u00edt\u0151, t\u00e1pi\u00f3kakem\u00e9ny\u00edt\u0151, cukor, dehidrat\u00e1lt rizs kov\u00e1sz (\u0151r\u00f6lt rizsterm\u00e9kek, starter kult\u00fara), psyllium, repceolaj, napraforg\u00f3olaj, \u00e9leszt\u0151, emulge\u00e1l\u00f3szer: [&hellip;]","jetpack_sharing_enabled":true,"_links":{"self":[{"href":"https:\/\/dobozshop.ro\/webshop\/hu\/wp-json\/wp\/v2\/product\/8150","targetHints":{"allow":["GET"]}}],"collection":[{"href":"https:\/\/dobozshop.ro\/webshop\/hu\/wp-json\/wp\/v2\/product"}],"about":[{"href":"https:\/\/dobozshop.ro\/webshop\/hu\/wp-json\/wp\/v2\/types\/product"}],"replies":[{"embeddable":true,"href":"https:\/\/dobozshop.ro\/webshop\/hu\/wp-json\/wp\/v2\/comments?post=8150"}],"wp:featuredmedia":[{"embeddable":true,"href":"https:\/\/dobozshop.ro\/webshop\/hu\/wp-json\/wp\/v2\/media\/8148"}],"wp:attachment":[{"href":"https:\/\/dobozshop.ro\/webshop\/hu\/wp-json\/wp\/v2\/media?parent=8150"}],"wp:term":[{"taxonomy":"product_brand","embeddable":true,"href":"https:\/\/dobozshop.ro\/webshop\/hu\/wp-json\/wp\/v2\/product_brand?post=8150"},{"taxonomy":"product_cat","embeddable":true,"href":"https:\/\/dobozshop.ro\/webshop\/hu\/wp-json\/wp\/v2\/product_cat?post=8150"},{"taxonomy":"product_tag","embeddable":true,"href":"https:\/\/dobozshop.ro\/webshop\/hu\/wp-json\/wp\/v2\/product_tag?post=8150"}],"curies":[{"name":"wp","href":"https:\/\/api.w.org\/{rel}","templated":true}]}}