{"id":8426,"date":"2025-02-19T07:34:45","date_gmt":"2025-02-19T07:34:45","guid":{"rendered":"https:\/\/dobozshop.ro\/webshop\/produs\/kakaomassza\/"},"modified":"2025-02-19T07:34:45","modified_gmt":"2025-02-19T07:34:45","slug":"kakaomassza","status":"publish","type":"product","link":"https:\/\/dobozshop.ro\/webshop\/hu\/produs\/kakaomassza\/","title":{"rendered":"Kaka\u00f3massza"},"content":{"rendered":"<p>Sz\u00e1rmaz\u00e1si hely: Nicaragua<br \/>\n\u00d6sszetev\u0151k: Bio<br \/>\nkaka\u00f3bab T\u00e1rol\u00e1si felt\u00e9telek: Sz\u00e1raz \u00e9s h\u0171v\u00f6s helyen, a napsugarak k\u00f6zvetlen hat\u00e1s\u00e1t\u00f3l t\u00e1vol t\u00e1roland\u00f3.<br \/>\nAllerg\u00e9nek: A term\u00e9ket olyan l\u00e9tes\u00edtm\u00e9nyben csomagolj\u00e1k, ahol sz\u00f3j\u00e1t, zellert, must\u00e1rt, szez\u00e1mmagot, magvakat, glut\u00e9ntartalm\u00fa gabonaf\u00e9l\u00e9ket, f\u00f6ldimogyor\u00f3t, di\u00f3f\u00e9l\u00e9ket dolgoznak fel.<\/p>\n<p><b>Hogyan kell elk\u00e9sz\u00edteni<\/b><\/p>\n<ol>\n<li aria-level=\"1\">Forr\u00f3 v\u00edz (80 fokos h\u0151m\u00e9rs\u00e9klet) \u2013 200-250ml<\/li>\n<li aria-level=\"1\">Kaka\u00f3massza \u2013 40g\/20g<\/li>\n<li aria-level=\"1\">F\u0171szerek: fah\u00e9j, szegf\u0171szeg, kardamom, gy\u00f6mb\u00e9r, chili<\/li>\n<\/ol>\n<p>A csokol\u00e1d\u00e9t habver\u0151vel forr\u00f3 v\u00edzben j\u00f3l \u00f6sszekeverj\u00fck, \u00e9s hozz\u00e1adjuk kedvenc f\u0171szereinkhez.<\/p>\n","protected":false},"excerpt":{"rendered":"<p>Sz\u00e1rmaz\u00e1si hely: Nicaragua \u00d6sszetev\u0151k: Bio kaka\u00f3bab T\u00e1rol\u00e1si felt\u00e9telek: Sz\u00e1raz \u00e9s h\u0171v\u00f6s helyen, a napsugarak k\u00f6zvetlen hat\u00e1s\u00e1t\u00f3l t\u00e1vol t\u00e1roland\u00f3. Allerg\u00e9nek: A [&hellip;]<\/p>\n","protected":false},"featured_media":8170,"comment_status":"open","ping_status":"closed","template":"","meta":{"_uag_custom_page_level_css":"","site-sidebar-layout":"default","site-content-layout":"","ast-site-content-layout":"default","site-content-style":"default","site-sidebar-style":"default","ast-global-header-display":"","ast-banner-title-visibility":"","ast-main-header-display":"","ast-hfb-above-header-display":"","ast-hfb-below-header-display":"","ast-hfb-mobile-header-display":"","site-post-title":"","ast-breadcrumbs-content":"","ast-featured-img":"","footer-sml-layout":"","theme-transparent-header-meta":"default","adv-header-id-meta":"","stick-header-meta":"default","header-above-stick-meta":"","header-main-stick-meta":"","header-below-stick-meta":"","astra-migrate-meta-layouts":"default","ast-page-background-enabled":"default","ast-page-background-meta":{"desktop":{"background-color":"var(--ast-global-color-4)","background-image":"","background-repeat":"repeat","background-position":"center center","background-size":"auto","background-attachment":"scroll","background-type":"","background-media":"","overlay-type":"","overlay-color":"","overlay-opacity":"","overlay-gradient":""},"tablet":{"background-color":"","background-image":"","background-repeat":"repeat","background-position":"center center","background-size":"auto","background-attachment":"scroll","background-type":"","background-media":"","overlay-type":"","overlay-color":"","overlay-opacity":"","overlay-gradient":""},"mobile":{"background-color":"","background-image":"","background-repeat":"repeat","background-position":"center center","background-size":"auto","background-attachment":"scroll","background-type":"","background-media":"","overlay-type":"","overlay-color":"","overlay-opacity":"","overlay-gradient":""}},"ast-content-background-meta":{"desktop":{"background-color":"var(--ast-global-color-5)","background-image":"","background-repeat":"repeat","background-position":"center center","background-size":"auto","background-attachment":"scroll","background-type":"","background-media":"","overlay-type":"","overlay-color":"","overlay-opacity":"","overlay-gradient":""},"tablet":{"background-color":"var(--ast-global-color-5)","background-image":"","background-repeat":"repeat","background-position":"center center","background-size":"auto","background-attachment":"scroll","background-type":"","background-media":"","overlay-type":"","overlay-color":"","overlay-opacity":"","overlay-gradient":""},"mobile":{"background-color":"var(--ast-global-color-5)","background-image":"","background-repeat":"repeat","background-position":"center center","background-size":"auto","background-attachment":"scroll","background-type":"","background-media":"","overlay-type":"","overlay-color":"","overlay-opacity":"","overlay-gradient":""}}},"product_brand":[],"product_cat":[78,81],"product_tag":[],"class_list":{"0":"post-8426","1":"product","2":"type-product","3":"status-publish","4":"has-post-thumbnail","6":"product_cat-kave-tea-csoki","7":"product_cat-csokoladek","8":"desktop-align-left","9":"tablet-align-left","10":"mobile-align-left","11":"ast-product-gallery-layout-horizontal-slider","12":"ast-product-gallery-with-no-image","13":"ast-product-single-variable","14":"ast-product-tabs-layout-horizontal","15":"ast-qv-on-image","17":"first","18":"outofstock","19":"taxable","20":"shipping-taxable","21":"purchasable","22":"product-type-variable"},"uagb_featured_image_src":{"full":["https:\/\/dobozshop.ro\/webshop\/wp-content\/uploads\/2025\/02\/masa-de-cacao-scaled-e1739950414472.jpg",1920,2560,false],"thumbnail":["https:\/\/dobozshop.ro\/webshop\/wp-content\/uploads\/2025\/02\/masa-de-cacao-150x150.jpg",150,150,true],"medium":["https:\/\/dobozshop.ro\/webshop\/wp-content\/uploads\/2025\/02\/masa-de-cacao-225x300.jpg",225,300,true],"medium_large":["https:\/\/dobozshop.ro\/webshop\/wp-content\/uploads\/2025\/02\/masa-de-cacao-768x1024.jpg",768,1024,true],"large":["https:\/\/dobozshop.ro\/webshop\/wp-content\/uploads\/2025\/02\/masa-de-cacao-768x1024.jpg",768,1024,true],"1536x1536":["https:\/\/dobozshop.ro\/webshop\/wp-content\/uploads\/2025\/02\/masa-de-cacao-1152x1536.jpg",1152,1536,true],"2048x2048":["https:\/\/dobozshop.ro\/webshop\/wp-content\/uploads\/2025\/02\/masa-de-cacao-1536x2048.jpg",1536,2048,true],"woocommerce_thumbnail":["https:\/\/dobozshop.ro\/webshop\/wp-content\/uploads\/2025\/02\/masa-de-cacao-300x300.jpg",300,300,true],"woocommerce_single":["https:\/\/dobozshop.ro\/webshop\/wp-content\/uploads\/2025\/02\/masa-de-cacao-600x800.jpg",600,800,true],"woocommerce_gallery_thumbnail":["https:\/\/dobozshop.ro\/webshop\/wp-content\/uploads\/2025\/02\/masa-de-cacao-100x100.jpg",100,100,true]},"uagb_author_info":{"display_name":"admin","author_link":"https:\/\/dobozshop.ro\/webshop\/hu\/author\/"},"uagb_comment_info":0,"uagb_excerpt":"Sz\u00e1rmaz\u00e1si hely: Nicaragua \u00d6sszetev\u0151k: Bio kaka\u00f3bab T\u00e1rol\u00e1si felt\u00e9telek: Sz\u00e1raz \u00e9s h\u0171v\u00f6s helyen, a napsugarak k\u00f6zvetlen hat\u00e1s\u00e1t\u00f3l t\u00e1vol t\u00e1roland\u00f3. Allerg\u00e9nek: A [&hellip;]","jetpack_sharing_enabled":true,"_links":{"self":[{"href":"https:\/\/dobozshop.ro\/webshop\/hu\/wp-json\/wp\/v2\/product\/8426","targetHints":{"allow":["GET"]}}],"collection":[{"href":"https:\/\/dobozshop.ro\/webshop\/hu\/wp-json\/wp\/v2\/product"}],"about":[{"href":"https:\/\/dobozshop.ro\/webshop\/hu\/wp-json\/wp\/v2\/types\/product"}],"replies":[{"embeddable":true,"href":"https:\/\/dobozshop.ro\/webshop\/hu\/wp-json\/wp\/v2\/comments?post=8426"}],"wp:featuredmedia":[{"embeddable":true,"href":"https:\/\/dobozshop.ro\/webshop\/hu\/wp-json\/wp\/v2\/media\/8170"}],"wp:attachment":[{"href":"https:\/\/dobozshop.ro\/webshop\/hu\/wp-json\/wp\/v2\/media?parent=8426"}],"wp:term":[{"taxonomy":"product_brand","embeddable":true,"href":"https:\/\/dobozshop.ro\/webshop\/hu\/wp-json\/wp\/v2\/product_brand?post=8426"},{"taxonomy":"product_cat","embeddable":true,"href":"https:\/\/dobozshop.ro\/webshop\/hu\/wp-json\/wp\/v2\/product_cat?post=8426"},{"taxonomy":"product_tag","embeddable":true,"href":"https:\/\/dobozshop.ro\/webshop\/hu\/wp-json\/wp\/v2\/product_tag?post=8426"}],"curies":[{"name":"wp","href":"https:\/\/api.w.org\/{rel}","templated":true}]}}