{"id":8512,"date":"2025-03-10T11:12:20","date_gmt":"2025-03-10T11:12:20","guid":{"rendered":"https:\/\/dobozshop.ro\/webshop\/produs\/termeszetes-dezodor-pink-grapefruit-benanna-40gr\/"},"modified":"2025-03-24T11:21:05","modified_gmt":"2025-03-24T11:21:05","slug":"termeszetes-dezodor-pink-grapefruit-benanna-40gr","status":"publish","type":"product","link":"https:\/\/dobozshop.ro\/webshop\/hu\/produs\/termeszetes-dezodor-pink-grapefruit-benanna-40gr\/","title":{"rendered":"Nat\u00far dezodor Pink Grapefruit Ben&amp;Anna 40gr"},"content":{"rendered":"<p>Sz\u00e1rmaz\u00e1si hely: N\u00e9metorsz\u00e1g<\/p>\n<p>\u00d6sszetev\u0151k: n\u00e1trium-hidrog\u00e9n-karbon\u00e1t, Zea Mays kem\u00e9ny\u00edt\u0151, Butyrospermum Parkii vaj, k\u00f3kuszdi\u00f3 Nucifera olaj, cetil-alkohol, sztearil-alkohol, Helianthus annuus magolaj, k\u00f3kuszdi\u00f3 kapril\u00e1t\/kapr\u00e1t, Helianthus Annuus magolaj, Ricinus communis magolaj, limon\u00e9n, Rhus Verniciflury, kapril\u00e1t, szesz\u00e9ly\/trigliceridek, Shore robusta gyanta, Simmondsia Chinensis magolaj,  Daucus Carota Sativa gy\u00f6k\u00e9r kivonat, Rosmarinus officinalis lev\u00e9l kivonat, tokoferol, aszkorbil-palmit\u00e1t, citrus paradisi h\u00e9jolaj, citr\u00e1l, linalool.<\/p>\n<p>Bemutat\u00f3 forma: 40gr<\/p>\n","protected":false},"excerpt":{"rendered":"<p>Sz\u00e1rmaz\u00e1si hely: N\u00e9metorsz\u00e1g \u00d6sszetev\u0151k: n\u00e1trium-hidrog\u00e9n-karbon\u00e1t, Zea Mays kem\u00e9ny\u00edt\u0151, Butyrospermum Parkii vaj, k\u00f3kuszdi\u00f3 Nucifera olaj, cetil-alkohol, sztearil-alkohol, Helianthus annuus magolaj, k\u00f3kuszdi\u00f3 [&hellip;]<\/p>\n","protected":false},"featured_media":8288,"comment_status":"open","ping_status":"closed","template":"","meta":{"_uag_custom_page_level_css":"","site-sidebar-layout":"default","site-content-layout":"","ast-site-content-layout":"default","site-content-style":"default","site-sidebar-style":"default","ast-global-header-display":"","ast-banner-title-visibility":"","ast-main-header-display":"","ast-hfb-above-header-display":"","ast-hfb-below-header-display":"","ast-hfb-mobile-header-display":"","site-post-title":"","ast-breadcrumbs-content":"","ast-featured-img":"","footer-sml-layout":"","theme-transparent-header-meta":"default","adv-header-id-meta":"","stick-header-meta":"default","header-above-stick-meta":"","header-main-stick-meta":"","header-below-stick-meta":"","astra-migrate-meta-layouts":"default","ast-page-background-enabled":"default","ast-page-background-meta":{"desktop":{"background-color":"var(--ast-global-color-4)","background-image":"","background-repeat":"repeat","background-position":"center center","background-size":"auto","background-attachment":"scroll","background-type":"","background-media":"","overlay-type":"","overlay-color":"","overlay-opacity":"","overlay-gradient":""},"tablet":{"background-color":"","background-image":"","background-repeat":"repeat","background-position":"center center","background-size":"auto","background-attachment":"scroll","background-type":"","background-media":"","overlay-type":"","overlay-color":"","overlay-opacity":"","overlay-gradient":""},"mobile":{"background-color":"","background-image":"","background-repeat":"repeat","background-position":"center center","background-size":"auto","background-attachment":"scroll","background-type":"","background-media":"","overlay-type":"","overlay-color":"","overlay-opacity":"","overlay-gradient":""}},"ast-content-background-meta":{"desktop":{"background-color":"var(--ast-global-color-5)","background-image":"","background-repeat":"repeat","background-position":"center center","background-size":"auto","background-attachment":"scroll","background-type":"","background-media":"","overlay-type":"","overlay-color":"","overlay-opacity":"","overlay-gradient":""},"tablet":{"background-color":"var(--ast-global-color-5)","background-image":"","background-repeat":"repeat","background-position":"center center","background-size":"auto","background-attachment":"scroll","background-type":"","background-media":"","overlay-type":"","overlay-color":"","overlay-opacity":"","overlay-gradient":""},"mobile":{"background-color":"var(--ast-global-color-5)","background-image":"","background-repeat":"repeat","background-position":"center center","background-size":"auto","background-attachment":"scroll","background-type":"","background-media":"","overlay-type":"","overlay-color":"","overlay-opacity":"","overlay-gradient":""}}},"product_brand":[],"product_cat":[86,87],"product_tag":[],"class_list":{"0":"post-8512","1":"product","2":"type-product","3":"status-publish","4":"has-post-thumbnail","6":"product_cat-natur-kozmetikumok-szappanok","7":"product_cat-natur-kozmetikumok","8":"desktop-align-left","9":"tablet-align-left","10":"mobile-align-left","11":"ast-product-gallery-layout-horizontal-slider","12":"ast-product-gallery-with-no-image","13":"ast-product-tabs-layout-horizontal","14":"ast-qv-on-image","16":"first","17":"instock","18":"taxable","19":"shipping-taxable","20":"purchasable","21":"product-type-simple"},"uagb_featured_image_src":{"full":["https:\/\/dobozshop.ro\/webshop\/wp-content\/uploads\/2025\/03\/deo-pink-grapefruit-stick-scaled-e1741605111859.jpg",1920,2560,false],"thumbnail":["https:\/\/dobozshop.ro\/webshop\/wp-content\/uploads\/2025\/03\/deo-pink-grapefruit-stick-150x150.jpg",150,150,true],"medium":["https:\/\/dobozshop.ro\/webshop\/wp-content\/uploads\/2025\/03\/deo-pink-grapefruit-stick-225x300.jpg",225,300,true],"medium_large":["https:\/\/dobozshop.ro\/webshop\/wp-content\/uploads\/2025\/03\/deo-pink-grapefruit-stick-768x1024.jpg",768,1024,true],"large":["https:\/\/dobozshop.ro\/webshop\/wp-content\/uploads\/2025\/03\/deo-pink-grapefruit-stick-768x1024.jpg",768,1024,true],"1536x1536":["https:\/\/dobozshop.ro\/webshop\/wp-content\/uploads\/2025\/03\/deo-pink-grapefruit-stick-1152x1536.jpg",1152,1536,true],"2048x2048":["https:\/\/dobozshop.ro\/webshop\/wp-content\/uploads\/2025\/03\/deo-pink-grapefruit-stick-1536x2048.jpg",1536,2048,true],"woocommerce_thumbnail":["https:\/\/dobozshop.ro\/webshop\/wp-content\/uploads\/2025\/03\/deo-pink-grapefruit-stick-300x300.jpg",300,300,true],"woocommerce_single":["https:\/\/dobozshop.ro\/webshop\/wp-content\/uploads\/2025\/03\/deo-pink-grapefruit-stick-600x800.jpg",600,800,true],"woocommerce_gallery_thumbnail":["https:\/\/dobozshop.ro\/webshop\/wp-content\/uploads\/2025\/03\/deo-pink-grapefruit-stick-100x100.jpg",100,100,true]},"uagb_author_info":{"display_name":"admin","author_link":"https:\/\/dobozshop.ro\/webshop\/hu\/author\/"},"uagb_comment_info":0,"uagb_excerpt":"Sz\u00e1rmaz\u00e1si hely: N\u00e9metorsz\u00e1g \u00d6sszetev\u0151k: n\u00e1trium-hidrog\u00e9n-karbon\u00e1t, Zea Mays kem\u00e9ny\u00edt\u0151, Butyrospermum Parkii vaj, k\u00f3kuszdi\u00f3 Nucifera olaj, cetil-alkohol, sztearil-alkohol, Helianthus annuus magolaj, k\u00f3kuszdi\u00f3 [&hellip;]","jetpack_sharing_enabled":true,"_links":{"self":[{"href":"https:\/\/dobozshop.ro\/webshop\/hu\/wp-json\/wp\/v2\/product\/8512","targetHints":{"allow":["GET"]}}],"collection":[{"href":"https:\/\/dobozshop.ro\/webshop\/hu\/wp-json\/wp\/v2\/product"}],"about":[{"href":"https:\/\/dobozshop.ro\/webshop\/hu\/wp-json\/wp\/v2\/types\/product"}],"replies":[{"embeddable":true,"href":"https:\/\/dobozshop.ro\/webshop\/hu\/wp-json\/wp\/v2\/comments?post=8512"}],"wp:featuredmedia":[{"embeddable":true,"href":"https:\/\/dobozshop.ro\/webshop\/hu\/wp-json\/wp\/v2\/media\/8288"}],"wp:attachment":[{"href":"https:\/\/dobozshop.ro\/webshop\/hu\/wp-json\/wp\/v2\/media?parent=8512"}],"wp:term":[{"taxonomy":"product_brand","embeddable":true,"href":"https:\/\/dobozshop.ro\/webshop\/hu\/wp-json\/wp\/v2\/product_brand?post=8512"},{"taxonomy":"product_cat","embeddable":true,"href":"https:\/\/dobozshop.ro\/webshop\/hu\/wp-json\/wp\/v2\/product_cat?post=8512"},{"taxonomy":"product_tag","embeddable":true,"href":"https:\/\/dobozshop.ro\/webshop\/hu\/wp-json\/wp\/v2\/product_tag?post=8512"}],"curies":[{"name":"wp","href":"https:\/\/api.w.org\/{rel}","templated":true}]}}