{"id":8689,"date":"2025-03-25T08:48:39","date_gmt":"2025-03-25T08:48:39","guid":{"rendered":"https:\/\/dobozshop.ro\/webshop\/produs\/bio-chaga-gomba\/"},"modified":"2025-03-25T08:48:39","modified_gmt":"2025-03-25T08:48:39","slug":"bio-chaga-gomba","status":"publish","type":"product","link":"https:\/\/dobozshop.ro\/webshop\/hu\/produs\/bio-chaga-gomba\/","title":{"rendered":"Bio Chaga gomba"},"content":{"rendered":"<p>Eredet: EU<\/p>\n<p>\u00d6sszetev\u0151k: chagagomba<br \/>\nKiszerel\u00e9si forma: 125gr<\/p>\n","protected":false},"excerpt":{"rendered":"<p>Eredet: EU \u00d6sszetev\u0151k: chagagomba Kiszerel\u00e9si forma: 125gr<\/p>\n","protected":false},"featured_media":8598,"comment_status":"open","ping_status":"closed","template":"","meta":{"_uag_custom_page_level_css":"","site-sidebar-layout":"default","site-content-layout":"","ast-site-content-layout":"default","site-content-style":"default","site-sidebar-style":"default","ast-global-header-display":"","ast-banner-title-visibility":"","ast-main-header-display":"","ast-hfb-above-header-display":"","ast-hfb-below-header-display":"","ast-hfb-mobile-header-display":"","site-post-title":"","ast-breadcrumbs-content":"","ast-featured-img":"","footer-sml-layout":"","theme-transparent-header-meta":"default","adv-header-id-meta":"","stick-header-meta":"default","header-above-stick-meta":"","header-main-stick-meta":"","header-below-stick-meta":"","astra-migrate-meta-layouts":"default","ast-page-background-enabled":"default","ast-page-background-meta":{"desktop":{"background-color":"var(--ast-global-color-4)","background-image":"","background-repeat":"repeat","background-position":"center center","background-size":"auto","background-attachment":"scroll","background-type":"","background-media":"","overlay-type":"","overlay-color":"","overlay-opacity":"","overlay-gradient":""},"tablet":{"background-color":"","background-image":"","background-repeat":"repeat","background-position":"center center","background-size":"auto","background-attachment":"scroll","background-type":"","background-media":"","overlay-type":"","overlay-color":"","overlay-opacity":"","overlay-gradient":""},"mobile":{"background-color":"","background-image":"","background-repeat":"repeat","background-position":"center center","background-size":"auto","background-attachment":"scroll","background-type":"","background-media":"","overlay-type":"","overlay-color":"","overlay-opacity":"","overlay-gradient":""}},"ast-content-background-meta":{"desktop":{"background-color":"var(--ast-global-color-5)","background-image":"","background-repeat":"repeat","background-position":"center center","background-size":"auto","background-attachment":"scroll","background-type":"","background-media":"","overlay-type":"","overlay-color":"","overlay-opacity":"","overlay-gradient":""},"tablet":{"background-color":"var(--ast-global-color-5)","background-image":"","background-repeat":"repeat","background-position":"center center","background-size":"auto","background-attachment":"scroll","background-type":"","background-media":"","overlay-type":"","overlay-color":"","overlay-opacity":"","overlay-gradient":""},"mobile":{"background-color":"var(--ast-global-color-5)","background-image":"","background-repeat":"repeat","background-position":"center center","background-size":"auto","background-attachment":"scroll","background-type":"","background-media":"","overlay-type":"","overlay-color":"","overlay-opacity":"","overlay-gradient":""}}},"product_brand":[],"product_cat":[36],"product_tag":[],"class_list":{"0":"post-8689","1":"product","2":"type-product","3":"status-publish","4":"has-post-thumbnail","6":"product_cat-barmi","7":"desktop-align-left","8":"tablet-align-left","9":"mobile-align-left","10":"ast-product-gallery-layout-horizontal-slider","11":"ast-product-gallery-with-no-image","12":"ast-product-tabs-layout-horizontal","13":"ast-qv-on-image","15":"first","16":"instock","17":"taxable","18":"shipping-taxable","19":"purchasable","20":"product-type-simple"},"uagb_featured_image_src":{"full":["https:\/\/dobozshop.ro\/webshop\/wp-content\/uploads\/2025\/03\/chaga-gomba-scaled-e1742892358700.jpg",1920,2560,false],"thumbnail":["https:\/\/dobozshop.ro\/webshop\/wp-content\/uploads\/2025\/03\/chaga-gomba-150x150.jpg",150,150,true],"medium":["https:\/\/dobozshop.ro\/webshop\/wp-content\/uploads\/2025\/03\/chaga-gomba-225x300.jpg",225,300,true],"medium_large":["https:\/\/dobozshop.ro\/webshop\/wp-content\/uploads\/2025\/03\/chaga-gomba-768x1024.jpg",768,1024,true],"large":["https:\/\/dobozshop.ro\/webshop\/wp-content\/uploads\/2025\/03\/chaga-gomba-768x1024.jpg",768,1024,true],"1536x1536":["https:\/\/dobozshop.ro\/webshop\/wp-content\/uploads\/2025\/03\/chaga-gomba-1152x1536.jpg",1152,1536,true],"2048x2048":["https:\/\/dobozshop.ro\/webshop\/wp-content\/uploads\/2025\/03\/chaga-gomba-1536x2048.jpg",1536,2048,true],"woocommerce_thumbnail":["https:\/\/dobozshop.ro\/webshop\/wp-content\/uploads\/2025\/03\/chaga-gomba-300x300.jpg",300,300,true],"woocommerce_single":["https:\/\/dobozshop.ro\/webshop\/wp-content\/uploads\/2025\/03\/chaga-gomba-600x800.jpg",600,800,true],"woocommerce_gallery_thumbnail":["https:\/\/dobozshop.ro\/webshop\/wp-content\/uploads\/2025\/03\/chaga-gomba-100x100.jpg",100,100,true]},"uagb_author_info":{"display_name":"admin","author_link":"https:\/\/dobozshop.ro\/webshop\/hu\/author\/"},"uagb_comment_info":0,"uagb_excerpt":"Eredet: EU \u00d6sszetev\u0151k: chagagomba Kiszerel\u00e9si forma: 125gr","jetpack_sharing_enabled":true,"_links":{"self":[{"href":"https:\/\/dobozshop.ro\/webshop\/hu\/wp-json\/wp\/v2\/product\/8689","targetHints":{"allow":["GET"]}}],"collection":[{"href":"https:\/\/dobozshop.ro\/webshop\/hu\/wp-json\/wp\/v2\/product"}],"about":[{"href":"https:\/\/dobozshop.ro\/webshop\/hu\/wp-json\/wp\/v2\/types\/product"}],"replies":[{"embeddable":true,"href":"https:\/\/dobozshop.ro\/webshop\/hu\/wp-json\/wp\/v2\/comments?post=8689"}],"wp:featuredmedia":[{"embeddable":true,"href":"https:\/\/dobozshop.ro\/webshop\/hu\/wp-json\/wp\/v2\/media\/8598"}],"wp:attachment":[{"href":"https:\/\/dobozshop.ro\/webshop\/hu\/wp-json\/wp\/v2\/media?parent=8689"}],"wp:term":[{"taxonomy":"product_brand","embeddable":true,"href":"https:\/\/dobozshop.ro\/webshop\/hu\/wp-json\/wp\/v2\/product_brand?post=8689"},{"taxonomy":"product_cat","embeddable":true,"href":"https:\/\/dobozshop.ro\/webshop\/hu\/wp-json\/wp\/v2\/product_cat?post=8689"},{"taxonomy":"product_tag","embeddable":true,"href":"https:\/\/dobozshop.ro\/webshop\/hu\/wp-json\/wp\/v2\/product_tag?post=8689"}],"curies":[{"name":"wp","href":"https:\/\/api.w.org\/{rel}","templated":true}]}}