{"id":8782,"date":"2025-04-07T14:38:33","date_gmt":"2025-04-07T14:38:33","guid":{"rendered":"https:\/\/dobozshop.ro\/webshop\/produs\/mustar-bio-tormaval-biofarmland\/"},"modified":"2025-05-26T15:36:09","modified_gmt":"2025-05-26T15:36:09","slug":"mustar-bio-tormaval-biofarmland","status":"publish","type":"product","link":"https:\/\/dobozshop.ro\/webshop\/hu\/produs\/mustar-bio-tormaval-biofarmland\/","title":{"rendered":"Bi\u00f3 must\u00e1r torm\u00e1val BioFarmland"},"content":{"rendered":"<p>Sz\u00e1rmaz\u00e1si hely: Rom\u00e1nia<\/p>\n<p>\u00d6sszetev\u0151k: \u0151r\u00f6lt must\u00e1r (22%), torma (6,08%), l\u00fagos v\u00edz, almaecet, term\u00e9szetes j\u00f3dmentes s\u00f3.<\/p>\n<p>Veg\u00e1n \u00e9s nyers, glut\u00e9nmentes.<\/p>\n<p>T\u00e1rol\u00e1si felt\u00e9telek: Sz\u00e1raz \u00e9s h\u0171v\u00f6s helyen, a napsugarak k\u00f6zvetlen hat\u00e1s\u00e1t\u00f3l t\u00e1vol t\u00e1roland\u00f3.<\/p>\n<p>Prezent\u00e1ci\u00f3s forma: 195g<\/p>\n<p>&nbsp;<\/p>\n","protected":false},"excerpt":{"rendered":"<p>Sz\u00e1rmaz\u00e1si hely: Rom\u00e1nia \u00d6sszetev\u0151k: \u0151r\u00f6lt must\u00e1r (22%), torma (6,08%), l\u00fagos v\u00edz, almaecet, term\u00e9szetes j\u00f3dmentes s\u00f3. Veg\u00e1n \u00e9s nyers, glut\u00e9nmentes. T\u00e1rol\u00e1si [&hellip;]<\/p>\n","protected":false},"featured_media":8712,"comment_status":"open","ping_status":"closed","template":"","meta":{"_uag_custom_page_level_css":"","site-sidebar-layout":"default","site-content-layout":"","ast-site-content-layout":"default","site-content-style":"default","site-sidebar-style":"default","ast-global-header-display":"","ast-banner-title-visibility":"","ast-main-header-display":"","ast-hfb-above-header-display":"","ast-hfb-below-header-display":"","ast-hfb-mobile-header-display":"","site-post-title":"","ast-breadcrumbs-content":"","ast-featured-img":"","footer-sml-layout":"","theme-transparent-header-meta":"default","adv-header-id-meta":"","stick-header-meta":"default","header-above-stick-meta":"","header-main-stick-meta":"","header-below-stick-meta":"","astra-migrate-meta-layouts":"default","ast-page-background-enabled":"default","ast-page-background-meta":{"desktop":{"background-color":"var(--ast-global-color-4)","background-image":"","background-repeat":"repeat","background-position":"center center","background-size":"auto","background-attachment":"scroll","background-type":"","background-media":"","overlay-type":"","overlay-color":"","overlay-opacity":"","overlay-gradient":""},"tablet":{"background-color":"","background-image":"","background-repeat":"repeat","background-position":"center center","background-size":"auto","background-attachment":"scroll","background-type":"","background-media":"","overlay-type":"","overlay-color":"","overlay-opacity":"","overlay-gradient":""},"mobile":{"background-color":"","background-image":"","background-repeat":"repeat","background-position":"center center","background-size":"auto","background-attachment":"scroll","background-type":"","background-media":"","overlay-type":"","overlay-color":"","overlay-opacity":"","overlay-gradient":""}},"ast-content-background-meta":{"desktop":{"background-color":"var(--ast-global-color-5)","background-image":"","background-repeat":"repeat","background-position":"center center","background-size":"auto","background-attachment":"scroll","background-type":"","background-media":"","overlay-type":"","overlay-color":"","overlay-opacity":"","overlay-gradient":""},"tablet":{"background-color":"var(--ast-global-color-5)","background-image":"","background-repeat":"repeat","background-position":"center center","background-size":"auto","background-attachment":"scroll","background-type":"","background-media":"","overlay-type":"","overlay-color":"","overlay-opacity":"","overlay-gradient":""},"mobile":{"background-color":"var(--ast-global-color-5)","background-image":"","background-repeat":"repeat","background-position":"center center","background-size":"auto","background-attachment":"scroll","background-type":"","background-media":"","overlay-type":"","overlay-color":"","overlay-opacity":"","overlay-gradient":""}}},"product_brand":[],"product_cat":[85],"product_tag":[],"class_list":{"0":"post-8782","1":"product","2":"type-product","3":"status-publish","4":"has-post-thumbnail","6":"product_cat-fuszerek","7":"desktop-align-left","8":"tablet-align-left","9":"mobile-align-left","10":"ast-product-gallery-layout-horizontal-slider","11":"ast-product-gallery-with-no-image","12":"ast-product-tabs-layout-horizontal","13":"ast-qv-on-image","15":"first","16":"outofstock","17":"taxable","18":"shipping-taxable","19":"purchasable","20":"product-type-simple"},"uagb_featured_image_src":{"full":["https:\/\/dobozshop.ro\/webshop\/wp-content\/uploads\/2025\/03\/WhatsApp-Image-2025-04-07-at-10.50.59-AM-1-e1744036186865.jpeg",1536,2048,false],"thumbnail":["https:\/\/dobozshop.ro\/webshop\/wp-content\/uploads\/2025\/03\/WhatsApp-Image-2025-04-07-at-10.50.59-AM-1-150x150.jpeg",150,150,true],"medium":["https:\/\/dobozshop.ro\/webshop\/wp-content\/uploads\/2025\/03\/WhatsApp-Image-2025-04-07-at-10.50.59-AM-1-225x300.jpeg",225,300,true],"medium_large":["https:\/\/dobozshop.ro\/webshop\/wp-content\/uploads\/2025\/03\/WhatsApp-Image-2025-04-07-at-10.50.59-AM-1-768x1024.jpeg",768,1024,true],"large":["https:\/\/dobozshop.ro\/webshop\/wp-content\/uploads\/2025\/03\/WhatsApp-Image-2025-04-07-at-10.50.59-AM-1-768x1024.jpeg",768,1024,true],"1536x1536":["https:\/\/dobozshop.ro\/webshop\/wp-content\/uploads\/2025\/03\/WhatsApp-Image-2025-04-07-at-10.50.59-AM-1-1152x1536.jpeg",1152,1536,true],"2048x2048":["https:\/\/dobozshop.ro\/webshop\/wp-content\/uploads\/2025\/03\/WhatsApp-Image-2025-04-07-at-10.50.59-AM-1-e1744036186865.jpeg",1536,2048,false],"woocommerce_thumbnail":["https:\/\/dobozshop.ro\/webshop\/wp-content\/uploads\/2025\/03\/WhatsApp-Image-2025-04-07-at-10.50.59-AM-1-300x300.jpeg",300,300,true],"woocommerce_single":["https:\/\/dobozshop.ro\/webshop\/wp-content\/uploads\/2025\/03\/WhatsApp-Image-2025-04-07-at-10.50.59-AM-1-600x800.jpeg",600,800,true],"woocommerce_gallery_thumbnail":["https:\/\/dobozshop.ro\/webshop\/wp-content\/uploads\/2025\/03\/WhatsApp-Image-2025-04-07-at-10.50.59-AM-1-100x100.jpeg",100,100,true]},"uagb_author_info":{"display_name":"admin","author_link":"https:\/\/dobozshop.ro\/webshop\/hu\/author\/"},"uagb_comment_info":0,"uagb_excerpt":"Sz\u00e1rmaz\u00e1si hely: Rom\u00e1nia \u00d6sszetev\u0151k: \u0151r\u00f6lt must\u00e1r (22%), torma (6,08%), l\u00fagos v\u00edz, almaecet, term\u00e9szetes j\u00f3dmentes s\u00f3. Veg\u00e1n \u00e9s nyers, glut\u00e9nmentes. T\u00e1rol\u00e1si [&hellip;]","jetpack_sharing_enabled":true,"_links":{"self":[{"href":"https:\/\/dobozshop.ro\/webshop\/hu\/wp-json\/wp\/v2\/product\/8782","targetHints":{"allow":["GET"]}}],"collection":[{"href":"https:\/\/dobozshop.ro\/webshop\/hu\/wp-json\/wp\/v2\/product"}],"about":[{"href":"https:\/\/dobozshop.ro\/webshop\/hu\/wp-json\/wp\/v2\/types\/product"}],"replies":[{"embeddable":true,"href":"https:\/\/dobozshop.ro\/webshop\/hu\/wp-json\/wp\/v2\/comments?post=8782"}],"wp:featuredmedia":[{"embeddable":true,"href":"https:\/\/dobozshop.ro\/webshop\/hu\/wp-json\/wp\/v2\/media\/8712"}],"wp:attachment":[{"href":"https:\/\/dobozshop.ro\/webshop\/hu\/wp-json\/wp\/v2\/media?parent=8782"}],"wp:term":[{"taxonomy":"product_brand","embeddable":true,"href":"https:\/\/dobozshop.ro\/webshop\/hu\/wp-json\/wp\/v2\/product_brand?post=8782"},{"taxonomy":"product_cat","embeddable":true,"href":"https:\/\/dobozshop.ro\/webshop\/hu\/wp-json\/wp\/v2\/product_cat?post=8782"},{"taxonomy":"product_tag","embeddable":true,"href":"https:\/\/dobozshop.ro\/webshop\/hu\/wp-json\/wp\/v2\/product_tag?post=8782"}],"curies":[{"name":"wp","href":"https:\/\/api.w.org\/{rel}","templated":true}]}}